{"id":1361,"date":"2021-01-19T22:05:25","date_gmt":"2021-01-20T04:05:25","guid":{"rendered":"https:\/\/formasfinas.mx\/celebra\/?page_id=1361"},"modified":"2021-01-20T22:16:19","modified_gmt":"2021-01-21T04:16:19","slug":"aviso-de-privacidad","status":"publish","type":"page","link":"https:\/\/deepcontents.online\/demos\/celebra\/aviso-de-privacidad\/","title":{"rendered":"Aviso de Privacidad"},"content":{"rendered":"\n<p><br><\/p>\n\n\n\n<h1 class=\"wp-block-heading\">\u00a1QUI\u00c9NES SOMOS!<\/h1>\n\n\n\n<p>La direcci\u00f3n de nuestra web es: www.quiero-comprar.com\/micelebracion<\/p>\n\n\n\n<h3 class=\"wp-block-heading\">Mi Celebraci\u00f3n<\/h3>\n\n\n\n<p>Respeta su privacidad y valora la relaci\u00f3n con usted. Su visita a este sitio est\u00e1 sujeta a estas Pol\u00edticas de Privacidad y T\u00e9rminos Generales de Uso.<\/p>\n\n\n\n<p>Estas Pol\u00edticas de Privacidad describen la informaci\u00f3n personal o privada que recolectamos en el sitio, actualmente localizado en www.quiero-comprar.com\/micelebracion (el \u201cSitio\u201d), quien usar\u00e1 dicha informaci\u00f3n.<br>Nuestras Pol\u00edticas de Privacidad describe las medidas de seguridad que tomamos para proteger esta informaci\u00f3n, as\u00ed como pasos para actualizarla, o bien para remover tu nombre y datos de nuestra lista de correos.<\/p>\n\n\n\n<p>Adicionalmente explica los pasos para dejar de recibir comunicaciones de nuestros productos y servicios.<br>Por favor tome nota que las Pol\u00edticas de Privacidad aplican solo la informaci\u00f3n que se otorgue en el Sitio y no aplican a cualquier otra informaci\u00f3n o comunicaci\u00f3n, tales como comunicaciones con otros sitios, tiendas y dem\u00e1s aplicables.<\/p>\n\n\n\n<h4 class=\"wp-block-heading\">INFORMACI\u00d3N SOLICITADA Y COMO LA UTILIZAMOS<\/h4>\n\n\n\n<p>Usted tiene la opci\u00f3n de proveernos su informaci\u00f3n personal cuando utiliza nuestro Sitio. Por ejemplo, si usted decide completar una encuesta o sondeo en l\u00ednea, completar una forma de registro de usuario o realizar una compra, le ser\u00e1 solicitado proveer cierta informaci\u00f3n como su informaci\u00f3n de contacto (nombre, direcci\u00f3n de correo electr\u00f3nico, direcci\u00f3n postal n\u00famero de tel\u00e9fono y otros), e inquietudes sobre productos y\/o servicios que ofrecemos.<\/p>\n\n\n\n<p>Si decide poner una orden, adicionalmente necesitaremos saber el domicilio de pago y env\u00edos, n\u00famero de tarjeta de cr\u00e9dito y fecha de expiraci\u00f3n. Para proteger su informaci\u00f3n personal, los usuarios registrados en el Sitio tendr\u00e1n adicionalmente que utilizar su nombre de usuario\/correo electr\u00f3nico y contrase\u00f1a.<\/p>\n\n\n\n<p>La informaci\u00f3n que se le pedir\u00e1 durante el proceso de solicitud de cotizaci\u00f3n ser\u00e1:<\/p>\n\n\n\n<p>\u2013 Su direcci\u00f3n de correo electr\u00f3nico.<br>\u2013 Su nombre y apellidos.<br>\u2013 Su domicilio, incluido un n\u00famero telef\u00f3nico.<br>\u2013 Su domicilio, incluido un n\u00famero telef\u00f3nico de entrega\/destinatario.<br>\u2013 Datos de Facturaci\u00f3n.<\/p>\n\n\n\n<p>La informaci\u00f3n que usted proporcione ser\u00e1 mantenida confidencialmente y usada para soportar su relaci\u00f3n de Cliente con Comercio Online.<br>Si usted prefiere que no recolectemos su informaci\u00f3n personal, favor de no prove\u00e9rnosla.<\/p>\n\n\n\n<h3 class=\"wp-block-heading\">USO DE INFORMACI\u00d3N PERSONAL<\/h3>\n\n\n\n<h4 class=\"wp-block-heading\">CORREOS ELECTR\u00d3NICOS, REDES SOCIALES Y TELEFON\u00ccA<\/h4>\n\n\n\n<p>Si usted lo elige, la informaci\u00f3n que nos proporciono puede ser utilizada por Comercio Online para crear y enviarle correos electr\u00f3nicos, n\u00fameros telef\u00f3nicos y contactos en redes sociales como boletines, encuestas o cualquier otro mensaje conteniendo informaci\u00f3n de productos o servicios, o promociones (en adelante \u201cEmails, contenidos e informaci\u00f3n\u201d).<\/p>\n\n\n\n<p>Si usted decide recibirlos y posteriormente decide ya no recibirlos favor de enviarnos su solicitud al siguiente correo electr\u00f3nico: quierocomprar.contacto@gmail.com, contacto@formasfinas.mx<\/p>\n\n\n\n<p>Si usted decide proporcionarnos su informaci\u00f3n, podremos enviarle anuncios sobre servicios relacionados por cualquier medio, incluyendo correos electr\u00f3nicos, en relaci\u00f3n al Sitio o contactarlo con servicio al cliente en relaci\u00f3n a sus solicitudes o preguntas de su orden.&nbsp;Por ejemplo: todos los usuarios registrados recibir\u00e1n un Email de bienvenida para confirmar su registro. Este tipo de comunicaciones son necesarias para poder servirle, responder a sus inquietudes y proveer el servicio de primera que Comercio Online ofrece a sus clientes.<\/p>\n\n\n\n<p>Podremos utilizar su informaci\u00f3n para proporcionarle servicios y uso del Sitio seg\u00fan sus especificaciones o necesidades. Por ejemplo, podremos sugerirle productos o servicios que pueden ser de su inter\u00e9s. Ocasionalmente Comercio Online patrocina eventos especiales o promociones, cuestionarios y encuestas. Aplicaran reglas especiales para cada promoci\u00f3n. Si dichas promociones no est\u00e1n sujetas a reglas especiales les aplicar\u00e1n estas.<br>Al proveernos su informaci\u00f3n nos autoriza a incluir su informaci\u00f3n personal y de car\u00e1cter privado en las bases de datos, reproducirla, y compartirla con nuestros afiliados para los fines aqu\u00ed mencionados.<\/p>\n\n\n\n<h4 class=\"wp-block-heading\">TECNOLOGIAS PARA MEJORAR SU EXPERIENCIA EN NUESTRO SITIO<\/h4>\n\n\n\n<p>Utilizamos varias tecnolog\u00edas para recolectar informaci\u00f3n y mejorar su experiencia en nuestro Sitio. Por ejemplo, podemos recolectar la direcci\u00f3n IP que identifica a su computadora o mecanismo que pueda indicarnos su localizaci\u00f3n geogr\u00e1fica. En algunos casos, podremos utilizar esta informaci\u00f3n en combinaci\u00f3n con su informaci\u00f3n personal. Estas tecnolog\u00edas pueden proveerle una variedad de informaci\u00f3n cuando visite nuevamente nuestro Sitio. Adicionalmente podr\u00e1n guardar sus preferencias.<\/p>\n\n\n\n<h4 class=\"wp-block-heading\">INFORMACI\u00d3N QUE COMPARTIMOS Y CON QUIEN LA COMPARTIMOS<\/h4>\n\n\n\n<p>No proveemos informaci\u00f3n personal a terceros para que sea utilizada en la promoci\u00f3n de sus productos o servicios sin su consentimiento. Excepto por la Transferencias de Negocios, ver m\u00e1s adelante. Adicionalmente no vendemos o revelamos la informaci\u00f3n personal de nuestros visitantes excepto por lo que se describe m\u00e1s adelante.<\/p>\n\n\n\n<h4 class=\"wp-block-heading\">TERCEROS<\/h4>\n\n\n\n<p>Es posible que solicitemos el apoyo de otras compa\u00f1\u00edas o personas f\u00edsicas para desarrollar funciones bajo nuestra solicitud bajo las presentes pol\u00edticas. Ejemplos: especialistas de atenci\u00f3n al cliente, compa\u00f1\u00edas de env\u00edos y paqueter\u00eda, entre otros. Por lo anterior, podr\u00e1n tener acceso a la informaci\u00f3n personal necesaria para desarrollar las actividades encomendadas, pero no podr\u00e1n utilizar dicha informaci\u00f3n para otros fines y de deber\u00e1n utilizarla de conformidad con las Pol\u00edticas de Privacidad. En algunos casos, se le ofrecer\u00e1 la oportunidad de que consienta el compartir informaci\u00f3n con terceros en los casos en donde seamos co-patrocinadores de promociones. Con su consentimiento, podremos compartir esta informaci\u00f3n con terceros la cual solo podr\u00e1 ser utilizada de conformidad con las Pol\u00edticas de Privacidad.<\/p>\n\n\n\n<h4 class=\"wp-block-heading\">TRANSFERENCIAS DE NEGOCIOS<\/h4>\n\n\n\n<p>En el desarrollo de nuestros negocios, es posible que podamos vender ciertos activos, en dichas transacciones, informaci\u00f3n de usuarios incluyendo informaci\u00f3n personal, generalmente es uno de los activos transferidos, al proveernos su informaci\u00f3n personal en el Sitio, usted est\u00e1 de acuerdo que sus datos sean transferidos a estas partes bajo estas circunstancias.<\/p>\n\n\n\n<h4 class=\"wp-block-heading\">CUMPLIMIENTO CON LA LEY Y PROTECCION DE FRAUDES<\/h4>\n\n\n\n<p>Podremos revelar cualquier informaci\u00f3n que sea necesaria bajo nuestra absoluta discreci\u00f3n para cumplir con la legislaci\u00f3n aplicable, regulaciones, procedimientos legales y requerimientos de autoridades. Adicionalmente, podremos revelar cualquier informaci\u00f3n que consideremos bajo nuestra absoluta discreci\u00f3n es necesaria o apropiada para prevenir da\u00f1os o p\u00e9rdidas financieras o en conexi\u00f3n con sospechas o actuales actividades ilegales.<\/p>\n\n\n\n<h4 class=\"wp-block-heading\">TRANSFERENCIA DE DATOS A OTROS PAISES<\/h4>\n\n\n\n<p>Las Empresas afiliadas a Comercio Online y terceros que puedan recibir informaci\u00f3n personal de acuerdo a estas Pol\u00edticas de Privacidad y bases de datos en las cuales su informaci\u00f3n personal y de car\u00e1cter privado es almacenada estar\u00e1n localizadas en M\u00e9xico y en otros pa\u00edses que garanticen el mismo nivel de protecci\u00f3n que en M\u00e9xico.<\/p>\n\n\n\n<h4 class=\"wp-block-heading\">POLITICA PARA MENORES<\/h4>\n\n\n\n<p>Este Sitio est\u00e1 dirigido a mayores de edad. Si eres un menor de edad no deber\u00e1s proporcionarnos informaci\u00f3n personal. Si llegamos a tener conocimiento que recibimos informaci\u00f3n de un menor de edad, borraremos la informaci\u00f3n de nuestros registros.<\/p>\n\n\n\n<h4 class=\"wp-block-heading\">C\u00d3MO PROTEGEMOS INFORMACI\u00d3N PERSONAL<\/h4>\n\n\n\n<p>Mantenemos protecci\u00f3n razonable para este Sitio en contra de revelaci\u00f3n no autorizada, uso, alteraci\u00f3n o destrucci\u00f3n de informaci\u00f3n proporcionada en este Sitio.<\/p>\n\n\n\n<h4 class=\"wp-block-heading\">ACTUALIZACIONES DE NUESTRAS POLITICAS DE PRIVACIDAD<\/h4>\n\n\n\n<p>Podremos Revisar nuestras Pol\u00edticas de Privacidad de tiempo en tiempo. Si decidimos modificarla, publicaremos la pol\u00edtica revisada aqu\u00ed. Nosotros sugerimos que usted consulte peri\u00f3dicamente nuestras Pol\u00edticas de Privacidad.<br>Hemos tomado grandes medidas para asegurarnos que su visita al Sitio sea excelente y que su privacidad sea constantemente respetada.<\/p>\n\n\n\n<h3 class=\"wp-block-heading\">QU\u00c9 DATOS PERSONALES RECOGEMOS Y POR QU\u00c9 LOS RECOGEMOS<\/h3>\n\n\n\n<h3 class=\"wp-block-heading\">COMENTARIOS<\/h3>\n\n\n\n<p>Cuando los visitantes dejan comentarios en la web, recopilamos los datos que se muestran en el formulario de comentarios, as\u00ed como la direcci\u00f3n IP del visitante y la cadena de agentes de usuario del navegador para ayudar a la detecci\u00f3n de spam.<\/p>\n\n\n\n<h3 class=\"wp-block-heading\">MEDIOS<\/h3>\n\n\n\n<p>Si subes im\u00e1genes a la web deber\u00edas evitar subir im\u00e1genes con datos de ubicaci\u00f3n (GPS EXIF) incluidos. Los visitantes de la web pueden descargar y extraer cualquier dato de localizaci\u00f3n de las im\u00e1genes de la web.<\/p>\n\n\n\n<h3 class=\"wp-block-heading\">FORMULARIOS DE CONTACTO<\/h3>\n\n\n\n<h4 class=\"wp-block-heading\">COOKIES<\/h4>\n\n\n\n<p>Si dejas un comentario en nuestro sitio puedes elegir guardar tu nombre, direcci\u00f3n de correo electr\u00f3nico y web en cookies. Esto es para tu comodidad, para que no tengas que volver a rellenar tus datos cuando dejes otro comentario. Estas cookies tendr\u00e1n una duraci\u00f3n de un a\u00f1o.<\/p>\n\n\n\n<p>Si tienes una cuenta y te conectas a este sitio, instalaremos una cookie temporal para determinar si tu navegador acepta cookies. Esta cookie no contiene datos personales y se elimina al cerrar el navegador.<\/p>\n\n\n\n<p>Cuando inicias sesi\u00f3n, tambi\u00e9n instalaremos varias cookies para guardar tu informaci\u00f3n de inicio de sesi\u00f3n y tus opciones de visualizaci\u00f3n de pantalla. Las cookies de inicio de sesi\u00f3n duran dos d\u00edas, y las cookies de opciones de pantalla duran un a\u00f1o. Si seleccionas \u201cRecordarme\u201d, tu inicio de sesi\u00f3n perdurar\u00e1 durante dos semanas. Si sales de tu cuenta, las cookies de inicio de sesi\u00f3n se eliminar\u00e1n.<\/p>\n\n\n\n<p>Si editas o publicas un art\u00edculo se guardar\u00e1 una cookie adicional en tu navegador. Esta cookie no incluye datos personales y simplemente indica el ID del art\u00edculo que acabas de editar. Caduca despu\u00e9s de 1 d\u00eda.<\/p>\n\n\n\n<h4 class=\"wp-block-heading\">CONTENIDO INCRUSTADO DE OTROS SITIOS WEB<\/h4>\n\n\n\n<p>Los art\u00edculos de este sitio pueden incluir contenido incrustado (por ejemplo, v\u00eddeos, im\u00e1genes, art\u00edculos, etc.). El contenido incrustado de otras web se comporta exactamente de la misma manera que si el visitante hubiera visitado la otra web.<\/p>\n\n\n\n<p>Estas web pueden recopilar datos sobre ti, utilizar cookies, incrustar un seguimiento adicional de terceros, y supervisar tu interacci\u00f3n con ese contenido incrustado, incluido el seguimiento de tu interacci\u00f3n con el contenido incrustado si tienes una cuenta y est\u00e1s conectado a esa web.<\/p>\n\n\n\n<h4 class=\"wp-block-heading\">CU\u00c1NTO TIEMPO CONSERVAMOS TUS DATOS<\/h4>\n\n\n\n<p>Si dejas un comentario, el comentario y sus metadatos se conservan indefinidamente. Esto es para que podamos reconocer y aprobar comentarios sucesivos autom\u00e1ticamente en lugar de mantenerlos en una cola de moderaci\u00f3n.<\/p>\n\n\n\n<p>De los usuarios que se registran en nuestra web (si los hay), tambi\u00e9n almacenamos la informaci\u00f3n personal que proporcionan en su perfil de usuario. Todos los usuarios pueden ver, editar o eliminar su informaci\u00f3n personal en cualquier momento (excepto que no pueden cambiar su nombre de usuario). Los administradores de la web tambi\u00e9n pueden ver y editar esa informaci\u00f3n.<\/p>\n\n\n\n<h3 class=\"wp-block-heading\">QU\u00c9 DERECHOS TIENES SOBRE TUS DATOS<\/h3>\n\n\n\n<p>Si tienes una cuenta o has dejado comentarios en esta web, puedes solicitar recibir un archivo de exportaci\u00f3n de los datos personales que tenemos sobre ti, incluyendo cualquier dato que nos hayas proporcionado. Tambi\u00e9n puedes solicitar que eliminemos cualquier dato personal que tengamos sobre ti. Esto no incluye ning\u00fan dato que estemos obligados a conservar con fines administrativos, legales o de seguridad.<\/p>\n\n\n\n<p><\/p>\n\n\n\n<h3 class=\"has-text-align-center wp-block-heading\">ATENTAMENTE<\/h3>\n\n\n\n<div class=\"wp-block-image\"><figure class=\"aligncenter size-large is-resized\"><img loading=\"lazy\" decoding=\"async\" src=\"https:\/\/deepcontents.online\/demos\/celebra\/wp-content\/uploads\/2020\/12\/cropped-log-01-grande.png\" alt=\"\" class=\"wp-image-13\" width=\"292\" height=\"292\" srcset=\"https:\/\/deepcontents.online\/demos\/celebra\/wp-content\/uploads\/2020\/12\/cropped-log-01-grande.png 512w, https:\/\/deepcontents.online\/demos\/celebra\/wp-content\/uploads\/2020\/12\/cropped-log-01-grande-300x300.png 300w, https:\/\/deepcontents.online\/demos\/celebra\/wp-content\/uploads\/2020\/12\/cropped-log-01-grande-150x150.png 150w, https:\/\/deepcontents.online\/demos\/celebra\/wp-content\/uploads\/2020\/12\/cropped-log-01-grande-270x270.png 270w, https:\/\/deepcontents.online\/demos\/celebra\/wp-content\/uploads\/2020\/12\/cropped-log-01-grande-192x192.png 192w, https:\/\/deepcontents.online\/demos\/celebra\/wp-content\/uploads\/2020\/12\/cropped-log-01-grande-180x180.png 180w, https:\/\/deepcontents.online\/demos\/celebra\/wp-content\/uploads\/2020\/12\/cropped-log-01-grande-32x32.png 32w\" sizes=\"auto, (max-width: 292px) 100vw, 292px\" \/><\/figure><\/div>\n\n\n\n<p class=\"has-text-align-center\"><strong>Mi Celebraci\u00f3n<\/strong><\/p>\n","protected":false},"excerpt":{"rendered":"<p>\u00a1QUI\u00c9NES SOMOS! La direcci\u00f3n de nuestra web es: www.quiero-comprar.com\/micelebracion Mi Celebraci\u00f3n Respeta su privacidad y valora la relaci\u00f3n con usted. Su visita a este sitio est\u00e1 sujeta a estas Pol\u00edticas de Privacidad y T\u00e9rminos Generales de Uso. Estas Pol\u00edticas de Privacidad describen la informaci\u00f3n personal o privada que recolectamos en el sitio, actualmente localizado en&hellip;&nbsp;<a href=\"https:\/\/deepcontents.online\/demos\/celebra\/aviso-de-privacidad\/\" rel=\"bookmark\">Leer m\u00e1s &raquo;<span class=\"screen-reader-text\">Aviso de Privacidad<\/span><\/a><\/p>\n","protected":false},"author":1,"featured_media":0,"parent":0,"menu_order":0,"comment_status":"closed","ping_status":"closed","template":"","meta":{"neve_meta_sidebar":"full-width","neve_meta_container":"","neve_meta_enable_content_width":"on","neve_meta_content_width":100,"neve_meta_title_alignment":"","neve_meta_author_avatar":"","neve_post_elements_order":"","neve_meta_disable_header":"","neve_meta_disable_footer":"","neve_meta_disable_title":"","_themeisle_gutenberg_block_has_review":false,"footnotes":""},"class_list":["post-1361","page","type-page","status-publish","hentry"],"_links":{"self":[{"href":"https:\/\/deepcontents.online\/demos\/celebra\/wp-json\/wp\/v2\/pages\/1361","targetHints":{"allow":["GET"]}}],"collection":[{"href":"https:\/\/deepcontents.online\/demos\/celebra\/wp-json\/wp\/v2\/pages"}],"about":[{"href":"https:\/\/deepcontents.online\/demos\/celebra\/wp-json\/wp\/v2\/types\/page"}],"author":[{"embeddable":true,"href":"https:\/\/deepcontents.online\/demos\/celebra\/wp-json\/wp\/v2\/users\/1"}],"replies":[{"embeddable":true,"href":"https:\/\/deepcontents.online\/demos\/celebra\/wp-json\/wp\/v2\/comments?post=1361"}],"version-history":[{"count":2,"href":"https:\/\/deepcontents.online\/demos\/celebra\/wp-json\/wp\/v2\/pages\/1361\/revisions"}],"predecessor-version":[{"id":1427,"href":"https:\/\/deepcontents.online\/demos\/celebra\/wp-json\/wp\/v2\/pages\/1361\/revisions\/1427"}],"wp:attachment":[{"href":"https:\/\/deepcontents.online\/demos\/celebra\/wp-json\/wp\/v2\/media?parent=1361"}],"curies":[{"name":"wp","href":"https:\/\/api.w.org\/{rel}","templated":true}]}}