{"id":1475,"date":"2021-01-25T17:43:21","date_gmt":"2021-01-25T23:43:21","guid":{"rendered":"https:\/\/formasfinas.mx\/celebra\/?page_id=1475"},"modified":"2021-01-25T19:36:03","modified_gmt":"2021-01-26T01:36:03","slug":"aviso_privacidad","status":"publish","type":"page","link":"https:\/\/deepcontents.online\/demos\/celebra\/aviso_privacidad\/","title":{"rendered":"Aviso de Privacidad"},"content":{"rendered":"\n<p>La direcci\u00f3n de nuestra web es: www.quiero-comprar.com (Mi Celebraci\u00f3n)<\/p>\n\n\n\n<p><\/p>\n\n\n\n<h4 class=\"wp-block-heading\">\u00bfQu\u00e9 datos personales recogemos y por qu\u00e9 los recogemos?<\/h4>\n\n\n\n<p>No proveemos informaci\u00f3n personal a terceros para que sea utilizada en la promoci\u00f3n de sus productos o servicios sin su consentimiento. Excepto por la Transferencias de Negocios, ver m\u00e1s adelante. Adicionalmente no vendemos o revelamos la informaci\u00f3n personal de nuestros visitantes excepto por lo que se describe m\u00e1s adelante.<\/p>\n\n\n\n<p><\/p>\n\n\n\n<h4 class=\"wp-block-heading\">Correo electr\u00f3nico, redes sociales y telefon\u00eda<\/h4>\n\n\n\n<p>Si tu lo eliges, la informaci\u00f3n que nos proporcionaste puede ser utilizada por Comercio Online para crear y enviar correos electr\u00f3nicos, n\u00fameros telef\u00f3nicos y contactos en redes sociales como boletines, encuestas o cualquier otro mensaje conteniendo informaci\u00f3n de productos o servicios, o promociones (en adelante \u201cEmails, contenidos e informaci\u00f3n\u201d).<\/p>\n\n\n\n<p>Si decides recibirlos y posteriormente decides ya no recibirlos favor de enviarnos tu solicitud al siguiente correo electr\u00f3nico:<\/p>\n\n\n\n<p>micelebracioncdmx@@gmail.com<\/p>\n\n\n\n<p>Si decides proporcionarnos tu informaci\u00f3n, podremos enviarte anuncios sobre servicios relacionados por cualquier medio, incluyendo correos electr\u00f3nicos, en relaci\u00f3n al Sitio o contactarlo con servicio al cliente en relaci\u00f3n a sus solicitudes o preguntas de su orden.\u00a0Por ejemplo: todos los usuarios registrados recibir\u00e1n un Email de bienvenida para confirmar su registro. Este tipo de comunicaciones son necesarias para poder servirte, responder a sus inquietudes y proveer el servicio de primera que Comercio Online ofrece a sus clientes.<\/p>\n\n\n\n<p>Podremos utilizar tu informaci\u00f3n para proporcionarte servicios y uso del Sitio seg\u00fan tus especificaciones o necesidades. Por ejemplo, podremos sugerirte productos o servicios que pueden ser de tu inter\u00e9s. Ocasionalmente Comercio Online patrocina eventos especiales o promociones, cuestionarios y encuestas. Aplicaran reglas especiales para cada promoci\u00f3n. Si dichas promociones no est\u00e1n sujetas a reglas especiales les aplicar\u00e1n estas.<br>Al proveernos tu informaci\u00f3n nos autoriza a incluir tu informaci\u00f3n personal y de car\u00e1cter privado en las bases de datos, reproducirla, y compartirla con nuestros afiliados para los fines aqu\u00ed mencionados.<\/p>\n\n\n\n<p><\/p>\n\n\n\n<h4 class=\"wp-block-heading\">Comentarios<\/h4>\n\n\n\n<p>Cuando los visitantes dejan comentarios en la web, recopilamos los datos que se muestran en el formulario de comentarios, as\u00ed como la direcci\u00f3n IP del visitante y la cadena de agentes de usuario del navegador para ayudar a la detecci\u00f3n de spam.<\/p>\n\n\n\n<p>Una cadena an\u00f3nima creada a partir de tu direcci\u00f3n de correo electr\u00f3nico (tambi\u00e9n llamada hash) puede ser proporcionada al servicio de Gravatar para ver si la est\u00e1s usando. La pol\u00edtica de privacidad del servicio Gravatar est\u00e1 disponible aqu\u00ed: https:\/\/automattic.com\/privacy\/. Despu\u00e9s de la aprobaci\u00f3n de tu comentario, la imagen de tu perfil es visible para el p\u00fablico en el contexto de tu comentario.<\/p>\n\n\n\n<p><\/p>\n\n\n\n<h4 class=\"wp-block-heading\">Medios<\/h4>\n\n\n\n<p>Si subes im\u00e1genes a la web, deber\u00edas evitar subir im\u00e1genes con datos de ubicaci\u00f3n (GPS EXIF) incluidos. Los visitantes de la web pueden descargar y extraer cualquier dato de ubicaci\u00f3n de las im\u00e1genes de la web.<\/p>\n\n\n\n<p><\/p>\n\n\n\n<h4 class=\"wp-block-heading\">Formularios de contacto<\/h4>\n\n\n\n<h4 class=\"wp-block-heading\">Cookies<\/h4>\n\n\n\n<p>Si dejas un comentario en nuestro sitio puedes elegir guardar tu nombre, direcci\u00f3n de correo electr\u00f3nico y web en cookies. Esto es para tu comodidad, para que no tengas que volver a rellenar tus datos cuando dejes otro comentario. Estas cookies tendr\u00e1n una duraci\u00f3n de un a\u00f1o.<\/p>\n\n\n\n<p>Si tienes una cuenta y te conectas a este sitio, instalaremos una cookie temporal para determinar si tu navegador acepta cookies. Esta cookie no contiene datos personales y se elimina al cerrar el navegador.<\/p>\n\n\n\n<p>Cuando accedas, tambi\u00e9n instalaremos varias cookies para guardar tu informaci\u00f3n de acceso y tus opciones de visualizaci\u00f3n de pantalla. Las cookies de acceso duran dos d\u00edas, y las cookies de opciones de pantalla duran un a\u00f1o. Si seleccionas \u00abRecu\u00e9rdarme\u00bb, tu acceso perdurar\u00e1 durante dos semanas. Si sales de tu cuenta, las cookies de acceso se eliminar\u00e1n.<\/p>\n\n\n\n<p>Si editas o publicas un art\u00edculo se guardar\u00e1 una cookie adicional en tu navegador. Esta cookie no incluye datos personales y simplemente indica el ID del art\u00edculo que acabas de editar. Caduca despu\u00e9s de 1 d\u00eda.<\/p>\n\n\n\n<p><\/p>\n\n\n\n<h4 class=\"wp-block-heading\">Contenido incrustado de otros sitios web<\/h4>\n\n\n\n<p>Los art\u00edculos de este sitio pueden incluir contenido incrustado (por ejemplo, v\u00eddeos, im\u00e1genes, art\u00edculos, etc.). El contenido incrustado de otras webs se comporta exactamente de la misma manera que si el visitante hubiera visitado la otra web.<\/p>\n\n\n\n<p>Estas web pueden recopilar datos sobre ti, utilizar cookies, incrustar un seguimiento adicional de terceros, y supervisar tu interacci\u00f3n con ese contenido incrustado, incluido el seguimiento de tu interacci\u00f3n con el contenido incrustado si tienes una cuenta y est\u00e1s conectado a esa web.<\/p>\n\n\n\n<p><\/p>\n\n\n\n<h4 class=\"wp-block-heading\">Anal\u00edtica<\/h4>\n\n\n\n<h4 class=\"wp-block-heading\">Con qui\u00e9n compartimos tus datos<\/h4>\n\n\n\n<p>Si solicitas un restablecimiento de contrase\u00f1a, tu direcci\u00f3n IP ser\u00e1 incluida en el correo electr\u00f3nico de restablecimiento.<\/p>\n\n\n\n<p>Las Empresas afiliadas a Comercio Online y terceros que puedan recibir informaci\u00f3n personal de acuerdo a estas Pol\u00edticas de Privacidad y bases de datos en las cuales su informaci\u00f3n personal y de car\u00e1cter privado es almacenada estar\u00e1n localizadas en M\u00e9xico y en otros pa\u00edses que garanticen el mismo nivel de protecci\u00f3n que en M\u00e9xico.<\/p>\n\n\n\n<p>Al aceptar los t\u00e9rminos y condiciones del servicio prestado por Mi Celebraci\u00f3n otorgar\u00e1s el consentimiento para la transferencia de tu informaci\u00f3n.<\/p>\n\n\n\n<p><\/p>\n\n\n\n<h4 class=\"wp-block-heading\">Terceros<\/h4>\n\n\n\n<p>Es posible que solicitemos el apoyo de otras compa\u00f1\u00edas o personas f\u00edsicas para desarrollar funciones bajo nuestra solicitud bajo las presentes pol\u00edticas. Ejemplos: especialistas de atenci\u00f3n al cliente, compa\u00f1\u00edas de env\u00edos y paqueter\u00eda, entre otros. Por lo anterior, podr\u00e1n tener acceso a la informaci\u00f3n personal necesaria para desarrollar las actividades encomendadas, pero no podr\u00e1n utilizar dicha informaci\u00f3n para otros fines y de deber\u00e1n utilizarla de conformidad con las Pol\u00edticas de Privacidad. En algunos casos, se le ofrecer\u00e1 la oportunidad de que consienta el compartir informaci\u00f3n con terceros en los casos en donde seamos co-patrocinadores de promociones. Con su consentimiento, podremos compartir esta informaci\u00f3n con terceros la cual solo podr\u00e1 ser utilizada de conformidad con las Pol\u00edticas de Privacidad.<\/p>\n\n\n\n<p><\/p>\n\n\n\n<h4 class=\"wp-block-heading\">Cu\u00e1nto tiempo conservamos tus datos<\/h4>\n\n\n\n<p>Si dejas un comentario, el comentario y sus metadatos se conservan indefinidamente. Esto es para que podamos reconocer y aprobar comentarios sucesivos autom\u00e1ticamente, en lugar de mantenerlos en una cola de moderaci\u00f3n.<\/p>\n\n\n\n<p>De los usuarios que se registran en nuestra web (si los hay), tambi\u00e9n almacenamos la informaci\u00f3n personal que proporcionan en su perfil de usuario. Todos los usuarios pueden ver, editar o eliminar su informaci\u00f3n personal en cualquier momento (excepto que no pueden cambiar su nombre de usuario). Los administradores de la web tambi\u00e9n pueden ver y editar esa informaci\u00f3n.<\/p>\n\n\n\n<p><\/p>\n\n\n\n<h4 class=\"wp-block-heading\">Qu\u00e9 derechos tienes sobre tus datos<\/h4>\n\n\n\n<p>Si tienes una cuenta o has dejado comentarios en esta web, puedes solicitar recibir un archivo de exportaci\u00f3n de los datos personales que tenemos sobre ti, incluyendo cualquier dato que nos hayas proporcionado. Tambi\u00e9n puedes solicitar que eliminemos cualquier dato personal que tengamos sobre ti. Esto no incluye ning\u00fan dato que estemos obligados a conservar con fines administrativos, legales o de seguridad.<\/p>\n\n\n\n<p><\/p>\n\n\n\n<h4 class=\"wp-block-heading\">Cumplimiento con la Ley de Protecci\u00f3n a Fraudes<\/h4>\n\n\n\n<p>Podremos revelar cualquier informaci\u00f3n que sea necesaria bajo nuestra absoluta discreci\u00f3n para cumplir con la legislaci\u00f3n aplicable, regulaciones, procedimientos legales y requerimientos de autoridades. Adicionalmente, podremos revelar cualquier informaci\u00f3n que consideremos bajo nuestra absoluta discreci\u00f3n es necesaria o apropiada para prevenir da\u00f1os o p\u00e9rdidas financieras o en conexi\u00f3n con sospechas o actuales actividades ilegales.<\/p>\n\n\n\n<p><\/p>\n\n\n\n<h4 class=\"wp-block-heading\">Transferencia de negocio<\/h4>\n\n\n\n<p>En el desarrollo de nuestros negocios, es posible que podamos vender ciertos activos, en dichas transacciones, informaci\u00f3n de usuarios incluyendo informaci\u00f3n personal, generalmente es uno de los activos transferidos, al proveernos su informaci\u00f3n personal en el Sitio, usted est\u00e1 de acuerdo que sus datos sean transferidos a estas partes bajo estas circunstancias.<\/p>\n\n\n\n<p><\/p>\n\n\n\n<h4 class=\"wp-block-heading\">Pol\u00edtica para menores<\/h4>\n\n\n\n<p>Este Sitio est\u00e1 dirigido a mayores de edad. Si eres un menor de edad no deber\u00e1s proporcionarnos informaci\u00f3n personal. Si llegamos a tener conocimiento que recibimos informaci\u00f3n de un menor de edad, borraremos la informaci\u00f3n de nuestros registros.<\/p>\n\n\n\n<p><\/p>\n\n\n\n<h4 class=\"wp-block-heading\"><strong>Cambios a este Aviso de Privacidad<\/strong><\/h4>\n\n\n\n<p>Podremos Revisar nuestras Pol\u00edticas de Privacidad de tiempo en tiempo. Si decidimos modificarla, publicaremos la pol\u00edtica revisada aqu\u00ed. Nosotros sugerimos que usted consulte peri\u00f3dicamente nuestras Pol\u00edticas de Privacidad.<br>Hemos tomado grandes medidas para asegurarnos que su visita al Sitio sea excelente y que su privacidad sea constantemente respetada. Los cambios a los t\u00e9rminos podr\u00e1s consultarlos en la siguiente p\u00e1gina web:<\/p>\n\n\n\n<p>www.quiero-comprar.com (Mi Celebraci\u00f3n)<\/p>\n\n\n\n<p>No seremos responsables en el caso de que no recibas la referida notificaci\u00f3n de cambio en el Aviso de Privacidad por causa de alg\u00fan problema con tu cuenta de correo electr\u00f3nico o de transmisi\u00f3n de datos por internet. Sin embargo, por tu seguridad, el Aviso de Privacidad vigente estar\u00e1 disponible en todo momento en la p\u00e1gina web antes se\u00f1alada.<\/p>\n\n\n\n<div class=\"wp-block-image\"><figure class=\"aligncenter is-resized\"><img loading=\"lazy\" decoding=\"async\" src=\"https:\/\/deepcontents.online\/demos\/celebra\/wp-content\/uploads\/2020\/12\/cropped-log-01-grande.png\" alt=\"La imagen tiene un atributo ALT vac\u00edo; su nombre de archivo es cropped-log-01-grande.png\" width=\"300\" height=\"299\"\/><\/figure><\/div>\n\n\n\n<p class=\"has-text-align-center\">www.quiero-comprar.com<\/p>\n\n\n\n<p class=\"has-text-align-center\"><strong>Mi Celebraci\u00f3n 2021<\/strong><\/p>\n","protected":false},"excerpt":{"rendered":"<p>La direcci\u00f3n de nuestra web es: www.quiero-comprar.com (Mi Celebraci\u00f3n) \u00bfQu\u00e9 datos personales recogemos y por qu\u00e9 los recogemos? No proveemos informaci\u00f3n personal a terceros para que sea utilizada en la promoci\u00f3n de sus productos o servicios sin su consentimiento. Excepto por la Transferencias de Negocios, ver m\u00e1s adelante. Adicionalmente no vendemos o revelamos la informaci\u00f3n&hellip;&nbsp;<a href=\"https:\/\/deepcontents.online\/demos\/celebra\/aviso_privacidad\/\" rel=\"bookmark\">Leer m\u00e1s &raquo;<span class=\"screen-reader-text\">Aviso de Privacidad<\/span><\/a><\/p>\n","protected":false},"author":1,"featured_media":0,"parent":0,"menu_order":0,"comment_status":"closed","ping_status":"closed","template":"","meta":{"neve_meta_sidebar":"","neve_meta_container":"","neve_meta_enable_content_width":"","neve_meta_content_width":0,"neve_meta_title_alignment":"","neve_meta_author_avatar":"","neve_post_elements_order":"","neve_meta_disable_header":"","neve_meta_disable_footer":"","neve_meta_disable_title":"","_themeisle_gutenberg_block_has_review":false,"footnotes":""},"class_list":["post-1475","page","type-page","status-publish","hentry"],"_links":{"self":[{"href":"https:\/\/deepcontents.online\/demos\/celebra\/wp-json\/wp\/v2\/pages\/1475","targetHints":{"allow":["GET"]}}],"collection":[{"href":"https:\/\/deepcontents.online\/demos\/celebra\/wp-json\/wp\/v2\/pages"}],"about":[{"href":"https:\/\/deepcontents.online\/demos\/celebra\/wp-json\/wp\/v2\/types\/page"}],"author":[{"embeddable":true,"href":"https:\/\/deepcontents.online\/demos\/celebra\/wp-json\/wp\/v2\/users\/1"}],"replies":[{"embeddable":true,"href":"https:\/\/deepcontents.online\/demos\/celebra\/wp-json\/wp\/v2\/comments?post=1475"}],"version-history":[{"count":13,"href":"https:\/\/deepcontents.online\/demos\/celebra\/wp-json\/wp\/v2\/pages\/1475\/revisions"}],"predecessor-version":[{"id":2281,"href":"https:\/\/deepcontents.online\/demos\/celebra\/wp-json\/wp\/v2\/pages\/1475\/revisions\/2281"}],"wp:attachment":[{"href":"https:\/\/deepcontents.online\/demos\/celebra\/wp-json\/wp\/v2\/media?parent=1475"}],"curies":[{"name":"wp","href":"https:\/\/api.w.org\/{rel}","templated":true}]}}