{"id":1887,"date":"2021-02-21T14:22:04","date_gmt":"2021-02-21T20:22:04","guid":{"rendered":"https:\/\/formasfinas.mx\/celebra\/?post_type=product&#038;p=1887"},"modified":"2021-03-19T08:38:00","modified_gmt":"2021-03-19T14:38:00","slug":"experiencia-grande-show-de-30-minutos","status":"publish","type":"product","link":"https:\/\/deepcontents.online\/demos\/celebra\/producto\/experiencia-grande-show-de-30-minutos\/","title":{"rendered":"Experiencia Grande con show de 30 minutos"},"content":{"rendered":"\r\n<h3>Experiencia Grande Incluye:<\/h3>\r\n<p><b>Para 9 personas en uno o m\u00e1s lugares de entrega.<\/b><\/p>\r\n<ul>\r\n<li><strong>30 <\/strong>minutos de reuni\u00f3n previos al show.<\/li>\r\n<li><strong>30<\/strong> minutos de Show en l\u00ednea.<\/li>\r\n<li><strong>9<\/strong> Mini pasteles.<\/li>\r\n<li>Velitas.<\/li>\r\n<li>Botana o Sushi.<\/li>\r\n<li>Un acceso a plataforma por direcci\u00f3n de entrega (hasta 9 accesos).<\/li>\r\n<li>Edici\u00f3n de video de felicitaci\u00f3n o dedicatoria grabado por familiares y amigos.<\/li>\r\n<li>Accesorios de fiesta y globos.<\/li>\r\n<\/ul>\r\n<p>&nbsp;<\/p>\r\n<p>Los videos de felicitaci\u00f3n previamente grabados por los familiares o amigos se recibir\u00e1n hasta 72 horas antes de la fecha contratada para la edici\u00f3n por medio del servicio que te indiquemos al contactarte para confirmar tu evento.<\/p>\r\n<p>Seleccionando \u00abExtras\u00bb, se multiplicar\u00e1 por 9 (uno por persona).<\/p>\r\n<p>Env\u00edo no incluido (se debe cotizar).<\/p>\r\n<p>El pedido se puede enviar a una, m\u00e1s direcciones con costo extra o puedes pasar por todo el pedido (sin costo).<\/p>\r\n<h4>\u00a0<\/h4>\r\n<h4>Perfecto para celebrar tu cumplea\u00f1os o aniversarios con la familia o amigos.<\/h4>\r\n<p>&nbsp;<\/p>\r\n<p>Disfrutar de una fiesta familiar compartiendo un delicioso pastel y prep\u00e1rate para aplaudir, cantar y si lo deseas bailar en compa\u00f1\u00eda de tus familiares o amigos.<\/p>\r\n<p>&nbsp;<\/p>\r\n<h3 style=\"text-align: left;\">Con<strong> Mi Celebraci\u00f3n <\/strong>tendr\u00e1s <strong>\u00a1Una experiencia muy divertida! con sana distancia, f\u00e1cil y seguro.<\/strong><\/h3>\r\n<p>&nbsp;<\/p>\r\n<ol>\r\n<li>Para apartar la fecha y el talento, necesitas hacer un anticipo del 50%, o cubrir el total 7 d\u00edas antes a la fecha que deseas hacer Tu celebraci\u00f3n.<\/li>\r\n<li>Una vez hecho el anticipo o cubrir el total, nos pondremos en contacto contigo para organizar tu celebraci\u00f3n.<\/li>\r\n<li>Para confirmar tu pedido, debes cubrir el 100% del monto total 72 horas antes de la hora de la celebraci\u00f3n.<\/li>\r\n<\/ol>\r\n<p>&nbsp;<\/p>\r\n<p>Los accesorios para tu fiesta pueden variar en su presentaci\u00f3n, color o forma, y se encuentran sujetos a disponibilidad y existencias.<\/p>\r\n<hr \/>\r\n<p style=\"text-align: center;\">\u00a0<\/p>\r\n<h3>\u00a0<\/h3>\r\n<h3 style=\"text-align: center;\">Men\u00fa de Mini Pasteles<\/h3>\r\n<p>Selecciona un mini pastel, al ponernos en contacto contigo te preguntaremos cu\u00e1l prefieres.<\/p>\r\n<p>Haz click en las flechas a los lados o desliza la imagen para ver todas las opciones que puedes elegir.<\/p>\r\n<p style=\"text-align: right;\">Sujeto a existencia.<\/p>\r\n<p style=\"text-align: center;\"><div class=\"h5p-iframe-wrapper\"><iframe id=\"h5p-iframe-9\" class=\"h5p-iframe\" data-content-id=\"9\" style=\"height:1px\" src=\"about:blank\" frameBorder=\"0\" scrolling=\"no\" title=\"Mini Pasteles\"><\/iframe><\/div><\/p>\r\n<p>&nbsp;<\/p>\r\n<hr \/>\r\n<h3>\u00a0<\/h3>\r\n<h3 style=\"text-align: center;\">Men\u00fa de Botanas \/\u00a0Sushi<\/h3>\r\n<p>Selecciona entre charola de carnes fr\u00edas y quesos o rollo de sushi.<\/p>\r\n<p>&nbsp;<\/p>\r\n<h4>Charola de carnes fr\u00edas y quesos<\/h4>\r\n<p>Incluye:<\/p>\r\n<ul>\r\n<li>Pechuga de pavo natural.<\/li>\r\n<li>Jam\u00f3n de pierna.<\/li>\r\n<li>Jam\u00f3n pavo natural.<\/li>\r\n<li>Queso panela.<\/li>\r\n<li>Queso manchego.<\/li>\r\n<li>Queso gouda.<\/li>\r\n<\/ul>\r\n<h5>* Total de productos por persona 450 gramos.<\/h5>\r\n<p>&nbsp;<\/p>\r\n<h4>Rollos de sushi<\/h4>\r\n<p>Selecciona uno o dos tipos diferentes de los deliciosos rollos:<\/p>\r\n<ol>\r\n<li>Empanizado (queso por fuera, camar\u00f3n empanizado, aguacate y Tampico).<\/li>\r\n<li>Avocado (aguacate por fuera, anguila y queso con ajonjol\u00ed).<\/li>\r\n<li>Cangrejo (cangrejo por fuera, camar\u00f3n, queso y aguacate).<\/li>\r\n<\/ol>\r\n<p>&nbsp;<\/p>\r\n<h5>* 1 Rollo por persona<\/h5>\r\n","protected":false},"excerpt":{"rendered":"<p><strong>Horario disponible de 6:00 pm a 11:00 pm.<\/strong><\/p>\n<p>Te contactaremos lo antes posible una vez que realices la compra para confirmar la hora disponible.<\/p>\n<p><strong>Selecciona la botana \/ sushi que deseas para calcular el total a pagar y que se active el bot\u00f3n <span style=\"color: #00ffff;\">\u00abIniciar\u00bb<\/span>, y de esta forma puedas seleccionar la fecha de la celebraci\u00f3n.<\/strong><\/p>\n<p>Las fechas NO disponibles se encontrar\u00e1n desactivadas.<\/p>\n<p>*Due Payment. Es el monto restante a pagar (solo si paga en modo anticipo).<\/p>\n","protected":false},"featured_media":745,"comment_status":"closed","ping_status":"closed","template":"","meta":{"neve_meta_sidebar":"","neve_meta_container":"","neve_meta_enable_content_width":"off","neve_meta_content_width":0,"neve_meta_title_alignment":"","neve_meta_author_avatar":"","neve_post_elements_order":"","neve_meta_disable_header":"","neve_meta_disable_footer":"","neve_meta_disable_title":"","_themeisle_gutenberg_block_has_review":false},"product_brand":[],"product_cat":[36],"product_tag":[],"class_list":{"0":"post-1887","1":"product","2":"type-product","3":"status-publish","4":"has-post-thumbnail","6":"product_cat-sin-categorizar","8":"first","9":"instock","10":"sold-individually","11":"taxable","12":"shipping-taxable","13":"purchasable","14":"product-type-variable"},"_links":{"self":[{"href":"https:\/\/deepcontents.online\/demos\/celebra\/wp-json\/wp\/v2\/product\/1887","targetHints":{"allow":["GET"]}}],"collection":[{"href":"https:\/\/deepcontents.online\/demos\/celebra\/wp-json\/wp\/v2\/product"}],"about":[{"href":"https:\/\/deepcontents.online\/demos\/celebra\/wp-json\/wp\/v2\/types\/product"}],"replies":[{"embeddable":true,"href":"https:\/\/deepcontents.online\/demos\/celebra\/wp-json\/wp\/v2\/comments?post=1887"}],"wp:featuredmedia":[{"embeddable":true,"href":"https:\/\/deepcontents.online\/demos\/celebra\/wp-json\/wp\/v2\/media\/745"}],"wp:attachment":[{"href":"https:\/\/deepcontents.online\/demos\/celebra\/wp-json\/wp\/v2\/media?parent=1887"}],"wp:term":[{"taxonomy":"product_brand","embeddable":true,"href":"https:\/\/deepcontents.online\/demos\/celebra\/wp-json\/wp\/v2\/product_brand?post=1887"},{"taxonomy":"product_cat","embeddable":true,"href":"https:\/\/deepcontents.online\/demos\/celebra\/wp-json\/wp\/v2\/product_cat?post=1887"},{"taxonomy":"product_tag","embeddable":true,"href":"https:\/\/deepcontents.online\/demos\/celebra\/wp-json\/wp\/v2\/product_tag?post=1887"}],"curies":[{"name":"wp","href":"https:\/\/api.w.org\/{rel}","templated":true}]}}