{"id":705,"date":"2024-02-28T12:31:31","date_gmt":"2024-02-28T18:31:31","guid":{"rendered":"https:\/\/rcaaanoticias.com\/?page_id=705"},"modified":"2024-05-24T17:59:23","modified_gmt":"2024-05-24T23:59:23","slug":"acerca-de","status":"publish","type":"page","link":"https:\/\/deepcontents.online\/demos\/noticias\/index.php\/acerca-de\/","title":{"rendered":"Acerca de"},"content":{"rendered":"\t\t<div data-elementor-type=\"wp-page\" data-elementor-id=\"705\" class=\"elementor elementor-705\" data-elementor-post-type=\"page\">\n\t\t\t\t<div class=\"elementor-element elementor-element-6048a60 e-flex e-con-boxed e-con e-parent\" data-id=\"6048a60\" data-element_type=\"container\" data-e-type=\"container\">\n\t\t\t\t\t<div class=\"e-con-inner\">\n\t\t<div class=\"elementor-element elementor-element-5b7e500 e-con-full e-flex e-con e-child\" data-id=\"5b7e500\" data-element_type=\"container\" data-e-type=\"container\">\n\t\t\t\t<div class=\"elementor-element elementor-element-5312ee0 elementor-widget elementor-widget-heading\" data-id=\"5312ee0\" data-element_type=\"widget\" data-e-type=\"widget\" data-widget_type=\"heading.default\">\n\t\t\t\t<div class=\"elementor-widget-container\">\n\t\t\t\t\t<h2 class=\"elementor-heading-title elementor-size-default\">Nosotros<\/h2>\t\t\t\t<\/div>\n\t\t\t\t<\/div>\n\t\t\t\t<div class=\"elementor-element elementor-element-58182f7 elementor-widget elementor-widget-text-editor\" data-id=\"58182f7\" data-element_type=\"widget\" data-e-type=\"widget\" data-widget_type=\"text-editor.default\">\n\t\t\t\t<div class=\"elementor-widget-container\">\n\t\t\t\t\t\t\t\t\t<p>Somos un grupo de profesionales de la comunicaci\u00f3n, editores, reporteros, dise\u00f1adores de sitios web, t\u00e9cnicos y colaboradores trabajamos con profesionalismo y dedicaci\u00f3n en la realizaci\u00f3n de estos medios de comunicaci\u00f3n.<br \/>Nuestro objetivo es mantener plural, veraz y oportunamente informados a nuestros lectores y suscriptores sobre temas de inter\u00e9s general, como son: <br \/>Informaci\u00f3n pol\u00edtico-electoral, migraci\u00f3n tema trascendental, en estos momentos de globalizaci\u00f3n, para la comunidad M\u00e9xico-Am\u00e9rica del Norte, as\u00ed como de Latinoam\u00e9rica y de otras latitudes del planeta; arte y cultura; informaci\u00f3n internacional, justicia y sociedad, deportes, entre otros diversos temas.<\/p>\t\t\t\t\t\t\t\t<\/div>\n\t\t\t\t<\/div>\n\t\t\t\t<div class=\"elementor-element elementor-element-368b353 elementor-widget elementor-widget-image\" data-id=\"368b353\" data-element_type=\"widget\" data-e-type=\"widget\" data-widget_type=\"image.default\">\n\t\t\t\t<div class=\"elementor-widget-container\">\n\t\t\t\t\t\t\t\t\t\t\t\t\t\t\t<img fetchpriority=\"high\" decoding=\"async\" width=\"1024\" height=\"640\" src=\"https:\/\/deepcontents.online\/demos\/noticias\/wp-content\/uploads\/2024\/03\/Oficina-lap-1024x640.jpg\" class=\"attachment-large size-large wp-image-1504\" alt=\"\" srcset=\"https:\/\/deepcontents.online\/demos\/noticias\/wp-content\/uploads\/2024\/03\/Oficina-lap-1024x640.jpg 1024w, https:\/\/deepcontents.online\/demos\/noticias\/wp-content\/uploads\/2024\/03\/Oficina-lap-300x188.jpg 300w, https:\/\/deepcontents.online\/demos\/noticias\/wp-content\/uploads\/2024\/03\/Oficina-lap-768x480.jpg 768w, https:\/\/deepcontents.online\/demos\/noticias\/wp-content\/uploads\/2024\/03\/Oficina-lap.jpg 1280w\" sizes=\"(max-width: 1024px) 100vw, 1024px\" \/>\t\t\t\t\t\t\t\t\t\t\t\t\t\t\t<\/div>\n\t\t\t\t<\/div>\n\t\t\t\t<\/div>\n\t\t<div class=\"elementor-element elementor-element-a3b8eb3 e-con-full e-flex e-con e-child\" data-id=\"a3b8eb3\" data-element_type=\"container\" data-e-type=\"container\">\n\t\t\t\t<div class=\"elementor-element elementor-element-20b001d elementor-widget elementor-widget-image\" data-id=\"20b001d\" data-element_type=\"widget\" data-e-type=\"widget\" data-widget_type=\"image.default\">\n\t\t\t\t<div class=\"elementor-widget-container\">\n\t\t\t\t\t\t\t\t\t\t\t\t\t\t\t<img decoding=\"async\" width=\"359\" height=\"162\" src=\"https:\/\/deepcontents.online\/demos\/noticias\/wp-content\/uploads\/2024\/02\/logo-rcaaan-e1708715412340.png\" class=\"attachment-medium_large size-medium_large wp-image-80\" alt=\"\" srcset=\"https:\/\/deepcontents.online\/demos\/noticias\/wp-content\/uploads\/2024\/02\/logo-rcaaan-e1708715412340.png 359w, https:\/\/deepcontents.online\/demos\/noticias\/wp-content\/uploads\/2024\/02\/logo-rcaaan-e1708715412340-300x135.png 300w\" sizes=\"(max-width: 359px) 100vw, 359px\" \/>\t\t\t\t\t\t\t\t\t\t\t\t\t\t\t<\/div>\n\t\t\t\t<\/div>\n\t\t\t\t<div class=\"elementor-element elementor-element-cf93788 elementor-widget elementor-widget-heading\" data-id=\"cf93788\" data-element_type=\"widget\" data-e-type=\"widget\" data-widget_type=\"heading.default\">\n\t\t\t\t<div class=\"elementor-widget-container\">\n\t\t\t\t\t<h3 class=\"elementor-heading-title elementor-size-default\">Periodismo Cara a Cara<\/h3>\t\t\t\t<\/div>\n\t\t\t\t<\/div>\n\t\t\t\t<\/div>\n\t\t\t\t\t<\/div>\n\t\t\t\t<\/div>\n\t\t<div class=\"elementor-element elementor-element-7afc777 e-flex e-con-boxed e-con e-parent\" data-id=\"7afc777\" data-element_type=\"container\" data-e-type=\"container\">\n\t\t\t\t\t<div class=\"e-con-inner\">\n\t\t\t\t<div class=\"elementor-element elementor-element-fb1377a elementor-widget elementor-widget-spacer\" data-id=\"fb1377a\" data-element_type=\"widget\" data-e-type=\"widget\" data-widget_type=\"spacer.default\">\n\t\t\t\t<div class=\"elementor-widget-container\">\n\t\t\t\t\t\t\t<div class=\"elementor-spacer\">\n\t\t\t<div class=\"elementor-spacer-inner\"><\/div>\n\t\t<\/div>\n\t\t\t\t\t\t<\/div>\n\t\t\t\t<\/div>\n\t\t\t\t\t<\/div>\n\t\t\t\t<\/div>\n\t\t<div class=\"elementor-element elementor-element-61fa89a e-flex e-con-boxed e-con e-parent\" data-id=\"61fa89a\" data-element_type=\"container\" data-e-type=\"container\">\n\t\t\t\t\t<div class=\"e-con-inner\">\n\t\t\t\t<div class=\"elementor-element elementor-element-c5d3db1 elementor-widget elementor-widget-heading\" data-id=\"c5d3db1\" data-element_type=\"widget\" data-e-type=\"widget\" data-widget_type=\"heading.default\">\n\t\t\t\t<div class=\"elementor-widget-container\">\n\t\t\t\t\t<h2 class=\"elementor-heading-title elementor-size-default\">DIRECTORIO<\/h2>\t\t\t\t<\/div>\n\t\t\t\t<\/div>\n\t\t\t\t\t<\/div>\n\t\t\t\t<\/div>\n\t\t<div class=\"elementor-element elementor-element-7a36924 e-flex e-con-boxed e-con e-parent\" data-id=\"7a36924\" data-element_type=\"container\" data-e-type=\"container\">\n\t\t\t\t\t<div class=\"e-con-inner\">\n\t\t<div class=\"elementor-element elementor-element-f7b86a3 e-con-full e-flex e-con e-child\" data-id=\"f7b86a3\" data-element_type=\"container\" data-e-type=\"container\">\n\t\t\t\t<div class=\"elementor-element elementor-element-b6978f5 elementor-widget elementor-widget-text-editor\" data-id=\"b6978f5\" data-element_type=\"widget\" data-e-type=\"widget\" data-widget_type=\"text-editor.default\">\n\t\t\t\t<div class=\"elementor-widget-container\">\n\t\t\t\t\t\t\t\t\t<p style=\"text-align: center;\">Haisser Armando Bola\u00f1os Hern\u00e1ndez<\/p><p style=\"text-align: center;\"><strong>DIRECTOR GENERAL<\/strong><\/p>\t\t\t\t\t\t\t\t<\/div>\n\t\t\t\t<\/div>\n\t\t\t\t<\/div>\n\t\t<div class=\"elementor-element elementor-element-668fa5d e-con-full e-flex e-con e-child\" data-id=\"668fa5d\" data-element_type=\"container\" data-e-type=\"container\">\n\t\t\t\t<div class=\"elementor-element elementor-element-aadbf8e elementor-widget elementor-widget-text-editor\" data-id=\"aadbf8e\" data-element_type=\"widget\" data-e-type=\"widget\" data-widget_type=\"text-editor.default\">\n\t\t\t\t<div class=\"elementor-widget-container\">\n\t\t\t\t\t\t\t\t\t<p style=\"text-align: center;\">Alberto Ram\u00edrez Rivera<\/p><p style=\"text-align: center;\"><strong>EDITOR DE MIGRACION E INFORMACI\u00d3N <\/strong><br \/><strong>NACIONAL E INTERNACIONAL<\/strong><\/p>\t\t\t\t\t\t\t\t<\/div>\n\t\t\t\t<\/div>\n\t\t\t\t<\/div>\n\t\t<div class=\"elementor-element elementor-element-522a098 e-con-full e-flex e-con e-child\" data-id=\"522a098\" data-element_type=\"container\" data-e-type=\"container\">\n\t\t\t\t<div class=\"elementor-element elementor-element-0d2bd84 elementor-widget elementor-widget-text-editor\" data-id=\"0d2bd84\" data-element_type=\"widget\" data-e-type=\"widget\" data-widget_type=\"text-editor.default\">\n\t\t\t\t<div class=\"elementor-widget-container\">\n\t\t\t\t\t\t\t\t\t<p style=\"text-align: center;\">Rafael Gonz\u00e1lez Correa<\/p><p style=\"text-align: center;\"><strong>EDITOR DE JUSTICIA Y SOCIEDAD <\/strong><br \/><strong>Y DEPORTES<\/strong><\/p>\t\t\t\t\t\t\t\t<\/div>\n\t\t\t\t<\/div>\n\t\t\t\t<\/div>\n\t\t\t\t\t<\/div>\n\t\t\t\t<\/div>\n\t\t<div class=\"elementor-element elementor-element-1cb4dd3 e-flex e-con-boxed e-con e-parent\" data-id=\"1cb4dd3\" data-element_type=\"container\" data-e-type=\"container\">\n\t\t\t\t\t<div class=\"e-con-inner\">\n\t\t<div class=\"elementor-element elementor-element-c300eca e-con-full e-flex e-con e-child\" data-id=\"c300eca\" data-element_type=\"container\" data-e-type=\"container\">\n\t\t\t\t<div class=\"elementor-element elementor-element-fb86224 elementor-widget elementor-widget-text-editor\" data-id=\"fb86224\" data-element_type=\"widget\" data-e-type=\"widget\" data-widget_type=\"text-editor.default\">\n\t\t\t\t<div class=\"elementor-widget-container\">\n\t\t\t\t\t\t\t\t\t<p style=\"text-align: center;\">Alejandro S\u00e1nchez<\/p><p style=\"text-align: center;\"><strong>EDITOR DE INFORMACION POL\u00cdTICA<\/strong><br \/><strong>NACIONAL Y DESARROLLO SUSTENTABLE<\/strong><\/p>\t\t\t\t\t\t\t\t<\/div>\n\t\t\t\t<\/div>\n\t\t\t\t<\/div>\n\t\t<div class=\"elementor-element elementor-element-fdb7e38 e-con-full e-flex e-con e-child\" data-id=\"fdb7e38\" data-element_type=\"container\" data-e-type=\"container\">\n\t\t\t\t<div class=\"elementor-element elementor-element-6b1acad elementor-widget elementor-widget-text-editor\" data-id=\"6b1acad\" data-element_type=\"widget\" data-e-type=\"widget\" data-widget_type=\"text-editor.default\">\n\t\t\t\t<div class=\"elementor-widget-container\">\n\t\t\t\t\t\t\t\t\t<p style=\"text-align: center;\">Jorge Iv\u00e1n Gardu\u00f1o<\/p><p style=\"text-align: center;\"><strong>EDITOR EN JEFE DE ARTE Y CULTURA<\/strong><\/p>\t\t\t\t\t\t\t\t<\/div>\n\t\t\t\t<\/div>\n\t\t\t\t<\/div>\n\t\t\t\t\t<\/div>\n\t\t\t\t<\/div>\n\t\t<div class=\"elementor-element elementor-element-5ab35ec e-flex e-con-boxed e-con e-parent\" data-id=\"5ab35ec\" data-element_type=\"container\" data-e-type=\"container\">\n\t\t\t\t\t<div class=\"e-con-inner\">\n\t\t\t\t<div class=\"elementor-element elementor-element-161a54c elementor-widget elementor-widget-text-editor\" data-id=\"161a54c\" data-element_type=\"widget\" data-e-type=\"widget\" data-widget_type=\"text-editor.default\">\n\t\t\t\t<div class=\"elementor-widget-container\">\n\t\t\t\t\t\t\t\t\t<p>rcaaanoticias.com es un sitio web y canal de Yotube, con domicilio en el edificio H-24, entrada 2, depto 1, U.H. Lomas de Plateros, alcald\u00eda \u00c1lvaro Obreg\u00f3n, Ciudad de M\u00e9xico.<\/p><p>Tels.: 5555930531, 5562077792, 5532643846, 5519341470, 5539878798.<\/p><p>Las opiniones de nuestros colaboradores no reflejan necesariamente la postura de los editores de la publicaci\u00f3n.<\/p>\t\t\t\t\t\t\t\t<\/div>\n\t\t\t\t<\/div>\n\t\t\t\t\t<\/div>\n\t\t\t\t<\/div>\n\t\t<div class=\"elementor-element elementor-element-c7af36e e-flex e-con-boxed e-con e-parent\" data-id=\"c7af36e\" data-element_type=\"container\" data-e-type=\"container\">\n\t\t\t\t\t<div class=\"e-con-inner\">\n\t\t\t\t\t<\/div>\n\t\t\t\t<\/div>\n\t\t\t\t<\/div>\n\t\t","protected":false},"excerpt":{"rendered":"<p>Nosotros Somos un grupo de profesionales de la comunicaci\u00f3n, editores, reporteros, dise\u00f1adores de sitios web, t\u00e9cnicos y colaboradores trabajamos con profesionalismo y dedicaci\u00f3n en la realizaci\u00f3n de estos medios de comunicaci\u00f3n.Nuestro objetivo es mantener plural, veraz y oportunamente informados a nuestros lectores y suscriptores sobre temas de inter\u00e9s general, como son: Informaci\u00f3n pol\u00edtico-electoral, migraci\u00f3n tema [&hellip;]<\/p>\n","protected":false},"author":1,"featured_media":80,"parent":0,"menu_order":0,"comment_status":"closed","ping_status":"closed","template":"elementor_canvas","meta":{"footnotes":""},"class_list":["post-705","page","type-page","status-publish","has-post-thumbnail","hentry"],"rttpg_featured_image_url":{"full":["https:\/\/deepcontents.online\/demos\/noticias\/wp-content\/uploads\/2024\/02\/logo-rcaaan-e1708715412340.png",359,162,false],"landscape":["https:\/\/deepcontents.online\/demos\/noticias\/wp-content\/uploads\/2024\/02\/logo-rcaaan-e1708715412340.png",359,162,false],"portraits":["https:\/\/deepcontents.online\/demos\/noticias\/wp-content\/uploads\/2024\/02\/logo-rcaaan-e1708715412340.png",359,162,false],"thumbnail":["https:\/\/deepcontents.online\/demos\/noticias\/wp-content\/uploads\/2024\/02\/logo-rcaaan-e1708715412340-150x150.png",150,150,true],"medium":["https:\/\/deepcontents.online\/demos\/noticias\/wp-content\/uploads\/2024\/02\/logo-rcaaan-e1708715412340-300x135.png",300,135,true],"large":["https:\/\/deepcontents.online\/demos\/noticias\/wp-content\/uploads\/2024\/02\/logo-rcaaan-e1708715412340.png",359,162,false],"1536x1536":["https:\/\/deepcontents.online\/demos\/noticias\/wp-content\/uploads\/2024\/02\/logo-rcaaan-e1708715412340.png",359,162,false],"2048x2048":["https:\/\/deepcontents.online\/demos\/noticias\/wp-content\/uploads\/2024\/02\/logo-rcaaan-e1708715412340.png",359,162,false]},"rttpg_author":{"display_name":"Deepso","author_link":"https:\/\/deepcontents.online\/demos\/noticias\/index.php\/author\/deep\/"},"rttpg_comment":0,"rttpg_category":null,"rttpg_excerpt":"Nosotros Somos un grupo de profesionales de la comunicaci\u00f3n, editores, reporteros, dise\u00f1adores de sitios web, t\u00e9cnicos y colaboradores trabajamos con profesionalismo y dedicaci\u00f3n en la realizaci\u00f3n de estos medios de comunicaci\u00f3n.Nuestro objetivo es mantener plural, veraz y oportunamente informados a nuestros lectores y suscriptores sobre temas de inter\u00e9s general, como son: Informaci\u00f3n pol\u00edtico-electoral, migraci\u00f3n tema&hellip;","_links":{"self":[{"href":"https:\/\/deepcontents.online\/demos\/noticias\/index.php\/wp-json\/wp\/v2\/pages\/705","targetHints":{"allow":["GET"]}}],"collection":[{"href":"https:\/\/deepcontents.online\/demos\/noticias\/index.php\/wp-json\/wp\/v2\/pages"}],"about":[{"href":"https:\/\/deepcontents.online\/demos\/noticias\/index.php\/wp-json\/wp\/v2\/types\/page"}],"author":[{"embeddable":true,"href":"https:\/\/deepcontents.online\/demos\/noticias\/index.php\/wp-json\/wp\/v2\/users\/1"}],"replies":[{"embeddable":true,"href":"https:\/\/deepcontents.online\/demos\/noticias\/index.php\/wp-json\/wp\/v2\/comments?post=705"}],"version-history":[{"count":37,"href":"https:\/\/deepcontents.online\/demos\/noticias\/index.php\/wp-json\/wp\/v2\/pages\/705\/revisions"}],"predecessor-version":[{"id":3351,"href":"https:\/\/deepcontents.online\/demos\/noticias\/index.php\/wp-json\/wp\/v2\/pages\/705\/revisions\/3351"}],"wp:featuredmedia":[{"embeddable":true,"href":"https:\/\/deepcontents.online\/demos\/noticias\/index.php\/wp-json\/wp\/v2\/media\/80"}],"wp:attachment":[{"href":"https:\/\/deepcontents.online\/demos\/noticias\/index.php\/wp-json\/wp\/v2\/media?parent=705"}],"curies":[{"name":"wp","href":"https:\/\/api.w.org\/{rel}","templated":true}]}}