{"id":733,"date":"2024-02-28T13:25:50","date_gmt":"2024-02-28T19:25:50","guid":{"rendered":"https:\/\/rcaaanoticias.com\/?page_id=733"},"modified":"2024-03-01T20:53:56","modified_gmt":"2024-03-02T02:53:56","slug":"aviso-de-privacidad","status":"publish","type":"page","link":"https:\/\/deepcontents.online\/demos\/noticias\/index.php\/aviso-de-privacidad\/","title":{"rendered":"AVISO DE PRIVACIDAD"},"content":{"rendered":"\t\t<div data-elementor-type=\"wp-page\" data-elementor-id=\"733\" class=\"elementor elementor-733\" data-elementor-post-type=\"page\">\n\t\t\t\t<div class=\"elementor-element elementor-element-f396d83 e-flex e-con-boxed e-con e-parent\" data-id=\"f396d83\" data-element_type=\"container\" data-e-type=\"container\">\n\t\t\t\t\t<div class=\"e-con-inner\">\n\t\t\t\t<div class=\"elementor-element elementor-element-09c1a40 elementor-widget elementor-widget-text-editor\" data-id=\"09c1a40\" data-element_type=\"widget\" data-e-type=\"widget\" data-widget_type=\"text-editor.default\">\n\t\t\t\t<div class=\"elementor-widget-container\">\n\t\t\t\t\t\t\t\t\t<h3>I.- AVISO DE PRIVACIDAD<\/h3><p class=\"western\">Los datos personales que han sido proporcionados voluntariamente por usted, as\u00ed como cualquier otro dato que pudiera facilitar durante el uso de la p\u00e1gina web https:\/\/rcaaanoticias.com, ser\u00e1n utilizados por RCAAA Noticias como parte de su registro de usuarios, incluyendo la siguiente informaci\u00f3n: (no aplica en la actualidad)<\/p><p class=\"western\">1.- Datos de identificaci\u00f3n, por ejemplo, nombre y apellidos.<\/p><p class=\"western\">2.- Datos de ubicaci\u00f3n tales como domicilio, tel\u00e9fonos, celular, fax y\/o correo electr\u00f3nico.<\/p><p class=\"western\"><strong>RCAAA Noticias<\/strong>, responsable de la informaci\u00f3n recabada, se compromete a que la misma ser\u00e1 tratada bajo estrictas medidas de seguridad, siempre garantizando su confidencialidad.<\/p><h3 class=\"western\"><strong>II.- USO DE LA INFORMACI\u00d3N<\/strong><\/h3><p class=\"western\"><strong>RCAAA Noticias <\/strong>tratar\u00e1 sus datos personales para realizar todas las actividades relativas a la prestaci\u00f3n del servicio al usuario, adem\u00e1s de llevar la gesti\u00f3n de verificaci\u00f3n y actualizaci\u00f3n de la informaci\u00f3n, as\u00ed como notificarle los cambios del sistema a los cuales el usuario se adhiera.<\/p><h3 class=\"western\"><strong>III.- FINALIDADES SECUNDARIAS DEL USO DE LA INFORMACI\u00d3N<\/strong><\/h3><p class=\"western\">Si Ud. da su consentimiento, se tratar\u00e1n sus datos personales para finalidades secundarias como, por ejemplo, contactarlo para dar seguimiento a sus comentarios y\/o informarle acerca de mercadotecnia y prospecci\u00f3n comercial.<\/p><p class=\"western\">El uso secundario de su informaci\u00f3n personal pudiera ser utilizada de forma complementaria en estrategias comerciales, solo utilizando lo necesario para ello y sin compartir datos sensibles, tales como nombre, domicilio, edad, o cualquier otra circunstancia que usted considere personal\u00edsimo.<\/p><p class=\"western\">Todos los datos que ingresen a trav\u00e9s de concursos o promociones ser\u00e1n recabados y resguardados con finalidad de crear un historial del usuario y tambi\u00e9n ser\u00e1n considerados como informaci\u00f3n confidencial.<\/p><p class=\"western\">Podr\u00e1 acceder a nuestro correo electr\u00f3nico: <a href=\"mailto:rafaelgonzalez@rcaaanoticias.com\">rafaelgonzalez@rcaaanoticias.com<\/a>, en caso de no estar de acuerdo. <b>Confirmar correo<\/b><\/p><h3 class=\"western\"><strong>IV.-TRANSFERENCIA DE INFORMACI\u00d3N<\/strong><\/h3><p class=\"western\">Cumplidas las finalidades que se describen anteriormente y sin olvido de otras exigidas legalmente o por las autoridades competentes, el USUARIO autoriza que <strong>RCAAA Noticias <\/strong>pueda trasladar la informaci\u00f3n necesaria a terceros con quien se trabaje de forma coordinada.<\/p><p class=\"western\">Los datos personales pueden ser transferidos a cualquier plataforma electr\u00f3nica interna al objeto de actualizar el padr\u00f3n de usuarios y tener un mejor control de la informaci\u00f3n personal que usted nos ha proporcionado. En caso de no estar de acuerdo, podr\u00e1 acceder a nuestro correo electr\u00f3nico: <a href=\"mailto:rafaelgonzalez@rcaaanoticias.com\">rafaelgonzalez@rcaaanoticias.com<\/a><\/p><h3 class=\"western\"><strong>V.-DERECHOS ARCO<\/strong><\/h3><p class=\"western\">El usuario o su representante legal podr\u00e1 ejercer cualquiera de los derechos de Acceso, Rectificaci\u00f3n, Cancelaci\u00f3n u Oposici\u00f3n -en lo sucesivo <strong>Derechos ARCO<\/strong>, as\u00ed como revocar su consentimiento para el tratamiento de sus datos personales, enviando un correo electr\u00f3nico al Responsable de Privacidad de <strong>RCAAA Noticias<\/strong>, a la direcci\u00f3n electr\u00f3nica <a href=\"mailto:rafaelgonzalez@rcaaanoticias.com\">rafaelgonzalez@rcaaanoticias.com<\/a> del sitio https:\/\/rcaaanoticias.com.<\/p><p class=\"western\">Su petici\u00f3n deber\u00e1 ser realizada a trav\u00e9s de la Solicitud para ejercer derechos ARCO elaborada por <strong>RCAAA Noticias <\/strong>para que el Responsable de Privacidad de la misma haga seguimiento a su solicitud. Ya sea Ud. o bien su representante legal, deber\u00e1 acreditar correctamente su identidad, para lo cual es necesario completar todos los campos indicados en la solicitud, as\u00ed como acompa\u00f1arla con copia de alguna de las identificaciones vigentes que se se\u00f1alen dentro de la misma.<\/p><h3 class=\"western\"><strong>VI.-LIMITACI\u00d3N DE LA INFORMACI\u00d3N<\/strong><\/h3><p class=\"western\">Sus datos personales pueden ser limitados en su uso de divulgaci\u00f3n mediante el env\u00edo de una solicitud al efecto a <strong>RCAAA Noticias<\/strong>, al correo <a href=\"mailto:rafaelgonzalez@rcaaanoticias.com\">rafaelgonzalez@rcaaanoticias.com<\/a><\/p><p class=\"western\">Dicha solicitad deber\u00e1 estar acompa\u00f1ada por una identificaci\u00f3n pertinente que acredite su identidad, ya que los datos proporcionados \u00fanicamente pueden ser transmitidos al titular y\/o representante legal con la finalidad de evitar robos de identidad o mal uso de esta informaci\u00f3n, apegado siempre a los lineamientos, leyes y reglamentos que nos son aplicables.<\/p><h3 class=\"western\"><strong>VII.-CAMBIOS AL AVISO DE PRIVACIDAD<\/strong><\/h3><p class=\"western\"><strong>RCAAA Noticias<\/strong>, se reserva el derecho a modificar su Aviso de Privacidad, siempre apeg\u00e1ndose al cumplimiento de la Ley Federal de Protecci\u00f3n de Datos Personales en Posesi\u00f3n de los Particulares, as\u00ed como su Reglamento y Lineamientos, publicando en su p\u00e1gina web el anuncio de Cambio de Aviso de Privacidad para que quede siempre al acceso del usuario.<\/p><h3 class=\"western\"><strong>VIII.-MEDIDAS DE SEGURIDAD<\/strong><\/h3><p class=\"western\">Se han adoptado las medidas de seguridad administrativas, f\u00edsicas y t\u00e9cnicas, que resultan necesarias para garantizar la confidencialidad y privacidad de los datos personales frente al uso, acceso, p\u00e9rdida, alteraci\u00f3n o destrucci\u00f3n no autorizado de los mismos.<\/p><h3 class=\"western\"><strong>IX.-MARCO LEGAL<\/strong><\/h3><p class=\"western\">Para m\u00e1s informaci\u00f3n, se puede consultar la Ley Federal de Protecci\u00f3n de Datos Personales en Posesi\u00f3n de Particulares en el siguiente v\u00ednculo:<\/p><p class=\"western\"><a href=\"http:\/\/www.diputados.gob.mx\/LeyesBiblio\/pdf\/LFPDPPP.pdf\">http:\/\/www.diputados.gob.mx\/LeyesBiblio\/pdf\/LFPDPPP.pdf<\/a><\/p><p class=\"western\">Versi\u00f3n vigente a partir del 1 de julio 2023<\/p>\t\t\t\t\t\t\t\t<\/div>\n\t\t\t\t<\/div>\n\t\t\t\t<div class=\"elementor-element elementor-element-01421a8 elementor-widget elementor-widget-spacer\" data-id=\"01421a8\" data-element_type=\"widget\" data-e-type=\"widget\" data-widget_type=\"spacer.default\">\n\t\t\t\t<div class=\"elementor-widget-container\">\n\t\t\t\t\t\t\t<div class=\"elementor-spacer\">\n\t\t\t<div class=\"elementor-spacer-inner\"><\/div>\n\t\t<\/div>\n\t\t\t\t\t\t<\/div>\n\t\t\t\t<\/div>\n\t\t\t\t\t<\/div>\n\t\t\t\t<\/div>\n\t\t\t\t<\/div>\n\t\t","protected":false},"excerpt":{"rendered":"<p>I.- AVISO DE PRIVACIDAD Los datos personales que han sido proporcionados voluntariamente por usted, as\u00ed como cualquier otro dato que pudiera facilitar durante el uso de la p\u00e1gina web https:\/\/rcaaanoticias.com, ser\u00e1n utilizados por RCAAA Noticias como parte de su registro de usuarios, incluyendo la siguiente informaci\u00f3n: (no aplica en la actualidad) 1.- Datos de identificaci\u00f3n, [&hellip;]<\/p>\n","protected":false},"author":1,"featured_media":80,"parent":0,"menu_order":0,"comment_status":"closed","ping_status":"closed","template":"elementor_canvas","meta":{"footnotes":""},"class_list":["post-733","page","type-page","status-publish","has-post-thumbnail","hentry"],"rttpg_featured_image_url":{"full":["https:\/\/deepcontents.online\/demos\/noticias\/wp-content\/uploads\/2024\/02\/logo-rcaaan-e1708715412340.png",359,162,false],"landscape":["https:\/\/deepcontents.online\/demos\/noticias\/wp-content\/uploads\/2024\/02\/logo-rcaaan-e1708715412340.png",359,162,false],"portraits":["https:\/\/deepcontents.online\/demos\/noticias\/wp-content\/uploads\/2024\/02\/logo-rcaaan-e1708715412340.png",359,162,false],"thumbnail":["https:\/\/deepcontents.online\/demos\/noticias\/wp-content\/uploads\/2024\/02\/logo-rcaaan-e1708715412340-150x150.png",150,150,true],"medium":["https:\/\/deepcontents.online\/demos\/noticias\/wp-content\/uploads\/2024\/02\/logo-rcaaan-e1708715412340-300x135.png",300,135,true],"large":["https:\/\/deepcontents.online\/demos\/noticias\/wp-content\/uploads\/2024\/02\/logo-rcaaan-e1708715412340.png",359,162,false],"1536x1536":["https:\/\/deepcontents.online\/demos\/noticias\/wp-content\/uploads\/2024\/02\/logo-rcaaan-e1708715412340.png",359,162,false],"2048x2048":["https:\/\/deepcontents.online\/demos\/noticias\/wp-content\/uploads\/2024\/02\/logo-rcaaan-e1708715412340.png",359,162,false]},"rttpg_author":{"display_name":"Deepso","author_link":"https:\/\/deepcontents.online\/demos\/noticias\/index.php\/author\/deep\/"},"rttpg_comment":0,"rttpg_category":null,"rttpg_excerpt":"I.- AVISO DE PRIVACIDAD Los datos personales que han sido proporcionados voluntariamente por usted, as\u00ed como cualquier otro dato que pudiera facilitar durante el uso de la p\u00e1gina web https:\/\/rcaaanoticias.com, ser\u00e1n utilizados por RCAAA Noticias como parte de su registro de usuarios, incluyendo la siguiente informaci\u00f3n: (no aplica en la actualidad) 1.- Datos de identificaci\u00f3n,&hellip;","_links":{"self":[{"href":"https:\/\/deepcontents.online\/demos\/noticias\/index.php\/wp-json\/wp\/v2\/pages\/733","targetHints":{"allow":["GET"]}}],"collection":[{"href":"https:\/\/deepcontents.online\/demos\/noticias\/index.php\/wp-json\/wp\/v2\/pages"}],"about":[{"href":"https:\/\/deepcontents.online\/demos\/noticias\/index.php\/wp-json\/wp\/v2\/types\/page"}],"author":[{"embeddable":true,"href":"https:\/\/deepcontents.online\/demos\/noticias\/index.php\/wp-json\/wp\/v2\/users\/1"}],"replies":[{"embeddable":true,"href":"https:\/\/deepcontents.online\/demos\/noticias\/index.php\/wp-json\/wp\/v2\/comments?post=733"}],"version-history":[{"count":10,"href":"https:\/\/deepcontents.online\/demos\/noticias\/index.php\/wp-json\/wp\/v2\/pages\/733\/revisions"}],"predecessor-version":[{"id":767,"href":"https:\/\/deepcontents.online\/demos\/noticias\/index.php\/wp-json\/wp\/v2\/pages\/733\/revisions\/767"}],"wp:featuredmedia":[{"embeddable":true,"href":"https:\/\/deepcontents.online\/demos\/noticias\/index.php\/wp-json\/wp\/v2\/media\/80"}],"wp:attachment":[{"href":"https:\/\/deepcontents.online\/demos\/noticias\/index.php\/wp-json\/wp\/v2\/media?parent=733"}],"curies":[{"name":"wp","href":"https:\/\/api.w.org\/{rel}","templated":true}]}}