{"id":344,"date":"2020-05-20T23:35:39","date_gmt":"2020-05-21T04:35:39","guid":{"rendered":"https:\/\/formasfinas.mx\/tienda\/?post_type=product&#038;p=344"},"modified":"2020-06-16T13:16:40","modified_gmt":"2020-06-16T18:16:40","slug":"kit-de-4-bolsas-de-silicon-reusables-alimentos-storage-bag","status":"publish","type":"product","link":"https:\/\/deepcontents.online\/demos\/tienda\/product\/kit-de-4-bolsas-de-silicon-reusables-alimentos-storage-bag\/","title":{"rendered":"Bolsas De Silic\u00f3n Reutilizables Antiderrames (4pz)"},"content":{"rendered":"<section class=\"ui-view-more vip-section-specs main-section\">\n<h2 class=\"main-section__title\">Caracter\u00edsticas<\/h2>\n<div class=\"specs-wrapper\">\n<section class=\"specs-container specs-primary-specs specs-layout-default u-clearfix\">\n<ul class=\"specs-list specs-list-primary specs-structure-medium\">\n<li class=\"specs-item specs-item-primary\">Marca Veggiez Bags<\/li>\n<li class=\"specs-item specs-item-primary\">Modelo Silicon<\/li>\n<\/ul>\n<\/section>\n<\/div>\n<\/section>\n<section class=\"main-section item-description \">\n<h2 class=\"main-section__title item-description__title\">Descripci\u00f3n<\/h2>\n<p class=\"main-section__title item-description__title\"><span style=\"font-size: 16px;\">Olv\u00eddate del desastre en la cocina, este paquete con 4 bolsas de silic\u00f3n reutilizables es una opci\u00f3n duradera y saludable para almacenar toda clase de alimentos como carne, frutas, leche y m\u00e1s. Son antiderrames, completamente libre de BPA y puedes utilizarlas en el congelador o microondas.<\/span><\/p>\n<div id=\"description-includes\" class=\"item-description__content \">\n<div class=\"item-description__text\">\n<p>\u2022 INCLUYE 4 BOLSAS REUTILIZABLES: Desp\u00eddete de las estorbosas cajas de cart\u00f3n y los tuppers, libera espacio en la cocina para ordenar la despensa. El paquete contiene 4 pr\u00e1cticas bolsas para guardar comida eficientemente en el refrigerador y en la alacena.<\/p>\n<p>\u2022 CONSERVA LA FRESCURA DE LOS ALIMENTOS: El sellado al vac\u00edo mantiene fresco el contenido por mucho m\u00e1s tiempo. Ll\u00e9nalas con lo que desees, desde cereal o frutas, hasta l\u00edquidos como leche o jugo, el cerrado herm\u00e9tico evita por completo cualquier derrame.<\/p>\n<p>\u2022 CONGELA O CALIENTA COMIDA DIRECTO EN LA BOLSA: Est\u00e1n elaboradas con silic\u00f3n ultra resistente que soporta temperaturas extremas sin romperse o perder la forma. Introd\u00facelas al congelador, al microondas o util\u00edzalas para cocer verduras o carne al vapor.<\/p>\n<p>\u2022 EXCELENTE CAPACIDAD DE ALMACENAMIENTO: El tama\u00f1o te permite almacenar hasta 1.5 litros de cualquier bebida o hasta 6 tazas de otros alimentos. Adem\u00e1s, es muy f\u00e1cil hacerlo, el dise\u00f1o te indica las diferentes graduaciones de cantidad en ml, tazas y onzas l\u00edquidas.<\/p>\n<p>\u2022 AMIGABLES CON EL MEDIO AMBIENTE: Te durar\u00e1n por a\u00f1os, no se rompen como el cristal ni se manchan como el pl\u00e1stico, por lo que puedes reutilizarlas todas las veces que quieras. Reducir\u00e1n de manera inmediata el consumo de desechables y la producci\u00f3n de basura.<\/p>\n<p>REDLEMON, MARCA 100% MEXICANA CON 15 A\u00d1OS DE EXPERIENCIA: Para tu tranquilidad, todos nuestros productos cuentan con 100 d\u00edas de garant\u00eda, directamente con nosotros. Ofrecemos atenci\u00f3n a clientes y servicio posventa desde M\u00e9xico, para apoyarte con cualquier duda, queja o sugerencia. Facturamos el 100% de nuestras ventas, bajo la legislaci\u00f3n mexicana vigente, solic\u00edtala con toda confianza.<\/p>\n<p>IDEALES PARA LLEVAR COMIDA A DONDE VAYAS: Son ligeras y tienen el tama\u00f1o perfecto para guardar fruta, s\u00e1ndwiches y muchos m\u00e1s snacks. Acompa\u00f1a la comida que llevas a la oficina o realiza un d\u00eda de campo con tus amigos, transportar el fest\u00edn nunca hab\u00eda sido tan f\u00e1cil.<\/p>\n<p>EL ACCESORIO QUE NECESITAS EN TU HOGAR O NEGOCIO: Para que una cocina funcione al 100% lo mejor es mantenerla organizada. No importa si es la de una casa, un bar o restaurante, dejar\u00e1s de perder tiempo buscando lo que necesitas entre los montones de cajas y frascos de la alacena.<br \/>\n100% SEGURAS Y SALUDABLES: Elaboradas con silic\u00f3n de grado alimenticio, libre de BPA y de otras sustancias t\u00f3xicas. Ten la confianza de que est\u00e1s almacenando comida en productos con los mejores est\u00e1ndares de calidad.<\/p>\n<p><strong>ESPECIFICACIONES:<\/strong><\/p>\n<p>* Material: Silic\u00f3n de grado alimenticio libre de BPA<br \/>\n* Capacidad m\u00e1xima: 1500 ml \/ 6 tz \/ 50 floz<br \/>\n* Dimensiones: 22.5 cm * 20.5 cm * 8.5 cm<br \/>\n* Peso: 223 g.<\/p>\n<p><strong>CONTENIDO DEL PAQUETE:<\/strong><\/p>\n<p>* 4 bolsas de silic\u00f3n.<br \/>\n* Manual de usuario.<\/p>\n<p>Bolsas de Silic\u00f3n Reutilizables para Comida de 1.5 Litros (Pack de 4), Sellado Herm\u00e9tico Antiderrame, Libres de BPA, Ideales a Congelador y Microondas, Eco-friendly<\/p>\n<\/div>\n<\/div>\n<div id=\"description-includes\" class=\"item-description__content \">\n<div class=\"item-description__text\">\n<p>Bolsas de silicona multifuncionales dise\u00f1adas para ahorrar su tiempo y dinero, Congelar y guardar en el refrigerador.<\/p>\n<p>Bolsa Reutilizable, Puede guardar Sopas ,salsas,Frutas y Verduras,Queso, Platos preparados.<\/p>\n<p>Son Bolsas Reutilizables Seguras, Materual No poroso, respetuoso con el Medio Ambiente y Reciclable,inhibe el crecimiento bacteriano.<\/p>\n<p>El mejor sustituto para las bolsas de pl\u00e1stico,Es ideal para cualquier producto hervido en la bolsa y olla de cocina de precisi\u00f3n.<\/p>\n<p>Gruesas que no se rompen con el uso diario pesado, Suaves y Plegables para almacenarse en cajones.<\/p>\n<\/div>\n<\/div>\n<\/section>\n","protected":false},"excerpt":{"rendered":"<p>Bolsas de silicona multifuncionales dise\u00f1adas para ahorrar su tiempo y dinero, Congelar y guardar en el refrigerador.<\/p>\n<p>https:\/\/www.youtube.com\/watch?v=murIjUgEd60<\/p>\n<p style=\"text-align: left;\">Entrega Gratis.<br \/>\nGarant\u00eda de 25 d\u00edas.<br \/>\nDevoluci\u00f3n sin costo.<br \/>\nEL ART\u00cdCULO ACEPTA CUP\u00d3N DE DESCUENTO.<\/p>\n<p style=\"text-align: left;\"><img decoding=\"async\" class=\"size-full wp-image-456 alignnone\" src=\"https:\/\/deepcontents.online\/demos\/tienda\/wp-content\/uploads\/2020\/05\/QC-Color-125px.png\" alt=\"\" width=\"125\" height=\"148\" \/><\/p>\n","protected":false},"featured_media":352,"comment_status":"open","ping_status":"closed","template":"","meta":{"neve_meta_sidebar":"","neve_meta_container":"","neve_meta_enable_content_width":"off","neve_meta_content_width":0,"neve_meta_title_alignment":"","neve_meta_author_avatar":"","neve_post_elements_order":"","neve_meta_disable_header":"","neve_meta_disable_footer":"","neve_meta_disable_title":""},"product_brand":[],"product_cat":[28,27],"product_tag":[],"class_list":{"0":"post-344","1":"product","2":"type-product","3":"status-publish","4":"has-post-thumbnail","6":"product_cat-cocina","7":"product_cat-hogar","9":"first","10":"outofstock","11":"purchasable","12":"product-type-simple"},"_links":{"self":[{"href":"https:\/\/deepcontents.online\/demos\/tienda\/wp-json\/wp\/v2\/product\/344","targetHints":{"allow":["GET"]}}],"collection":[{"href":"https:\/\/deepcontents.online\/demos\/tienda\/wp-json\/wp\/v2\/product"}],"about":[{"href":"https:\/\/deepcontents.online\/demos\/tienda\/wp-json\/wp\/v2\/types\/product"}],"replies":[{"embeddable":true,"href":"https:\/\/deepcontents.online\/demos\/tienda\/wp-json\/wp\/v2\/comments?post=344"}],"wp:featuredmedia":[{"embeddable":true,"href":"https:\/\/deepcontents.online\/demos\/tienda\/wp-json\/wp\/v2\/media\/352"}],"wp:attachment":[{"href":"https:\/\/deepcontents.online\/demos\/tienda\/wp-json\/wp\/v2\/media?parent=344"}],"wp:term":[{"taxonomy":"product_brand","embeddable":true,"href":"https:\/\/deepcontents.online\/demos\/tienda\/wp-json\/wp\/v2\/product_brand?post=344"},{"taxonomy":"product_cat","embeddable":true,"href":"https:\/\/deepcontents.online\/demos\/tienda\/wp-json\/wp\/v2\/product_cat?post=344"},{"taxonomy":"product_tag","embeddable":true,"href":"https:\/\/deepcontents.online\/demos\/tienda\/wp-json\/wp\/v2\/product_tag?post=344"}],"curies":[{"name":"wp","href":"https:\/\/api.w.org\/{rel}","templated":true}]}}