{"id":457,"date":"2020-05-28T01:40:07","date_gmt":"2020-05-28T06:40:07","guid":{"rendered":"https:\/\/formasfinas.mx\/tienda\/?post_type=product&#038;p=457"},"modified":"2020-06-16T13:13:18","modified_gmt":"2020-06-16T18:13:18","slug":"iforu-audifonos-bluetooth-inalambricos","status":"publish","type":"product","link":"https:\/\/deepcontents.online\/demos\/tienda\/product\/iforu-audifonos-bluetooth-inalambricos\/","title":{"rendered":"IFORU Aud\u00edfonos Bluetooth Inal\u00e1mbricos"},"content":{"rendered":"<h3>IFORU Aud\u00edfonos Bluetooth Inal\u00e1mbricos, Mini Auriculares Bluetooth Inal\u00e1mbricos V5.0<\/h3>\n<p>&nbsp;<\/p>\n<ul>\n<li>Bluetooth 5.0 HiFi. Sonido Est\u00e9reo Los Auriculares Inal\u00e1mbricos adoptan la \u00faltima t\u00e9cnica de Bluetooth 5.0, brindando una transmisi\u00f3n de se\u00f1al inal\u00e1mbrica m\u00e1s estable y menor consumo de energ\u00eda. \u00a1Siente la m\u00fasica! El dise\u00f1o est\u00e9reo \u00fanico garantiza un sonido de gran calida.<\/li>\n<li>Un Bot\u00f3n Control.Estos aud\u00edfonos inalambricos para iPhone y Android te permiten est\u00e1n dise\u00f1ado por un bot\u00f3n control, se puede apretar el bot\u00f3n de la reproducci\u00f3n \/ pausa de la m\u00fasica, habilitaci\u00f3n Siri, respuesta \/ finalizaci\u00f3n de llamadas, etc.<\/li>\n<li>Modo Monoaural y Biaural. IFORU aud\u00edfonos Bluetooth inal\u00e1mbricos se puede usarlos juntos, solo uno de ellos o completamente por separado. Es como tener dos auriculares completamente independientes. Conecta los auriculares a un solo dispositivo para compartir m\u00fasica con tus amigos o pareja, \u00fasalos al hacer ejercicio.<\/li>\n<li>Gran Capacidad. Nuestros auriculares bluetooth deportivos tiene la Bater\u00eda incorporada de 50 mAh para cada auricular con un peso ligero de tan solo 3.5 g. Con un bajo consumo de energ\u00eda, tiene una autonom\u00eda de hasta 6 horas de conversaci\u00f3n o m\u00fasica continua con una sola carga. El estuche de carga port\u00e1til proporciona una carga r\u00e1pida y un dispositivo de magn\u00e9tico incorporado para mayor sujecci\u00f3n.<\/li>\n<li>IPX5 Impermeable. Los c\u00f3modos auriculares bluetooth para deportes son IPX5 impermeable significa que no tiene que preocuparse por el sudor o las lluvias. Adem\u00e1s, cuanta con 3 tapas de silicona suave y ligera(S, M, L), se adaptan perfectamente a su o\u00eddo.<\/li>\n<\/ul>\n<p>&nbsp;<\/p>\n<h3>Bluetooth 5.0<\/h3>\n<p>Con la \u00faltima versi\u00f3n de Bluetooth V5.0, puede disfrutar de su gran experiencia con una transmisi\u00f3n r\u00e1pida, estable y eficiente. F\u00e1cil de despertar tu asistente de voz favorito y hablar con \u00e9l.<\/p>\n<p>&nbsp;<\/p>\n<h3>Compatibilidad<\/h3>\n<p>Los auriculares Bluetooth IFORU son compatibles con todos los celulares, tabletas y reproductores de m\u00fasica con capacidad Bluetooth.<\/p>\n<p>&nbsp;<\/p>\n<h3>Dise\u00f1o elegante<\/h3>\n<p>Dise\u00f1o simple, ovalado, peque\u00f1o y exquisito, f\u00e1cil de llevar. Los auriculares inal\u00e1mbricos Bluetooth de IFORU eliminan los problemas de acabado de los cables, hacen que la vida sea simple e interesante.<\/p>\n<p>&nbsp;<\/p>\n<h3>Pasos de conexi\u00f3n<\/h3>\n<ol>\n<li>Encienda el cargador de auriculares OFF \u2192 ON.<\/li>\n<li>Luego saque el auricular, el auricular se ha encendido autom\u00e1ticamente, esperando que el auricular principal parpadee r\u00e1pidamente en rojo y azul, el secundario parpadea lentamente con luz azul.<\/li>\n<li>Activa el Bluetooth en tu smartphone. Se mostrar\u00e1 [TI8S], haga clic para conectarse.<\/li>\n<\/ol>\n<p>Nota\uff1aSi sus auriculares no funcionan o no tienen sonido, siempre recargue completamente su dispositivo y sus auriculares, apague y reinicie, luego vuelva a emparejar.<\/p>\n<p>&nbsp;<\/p>\n<h3>Ajuste c\u00f3modo<\/h3>\n<p>Con 3 tapas de silicona suave y ligera para elegir (peque\u00f1a, mediana, grande) y dise\u00f1o ergon\u00f3mico para el o\u00eddo, puede garantizar un ajuste c\u00f3modo y permanecer estable en sus o\u00eddos.<\/p>\n<p>&nbsp;<\/p>\n<h3>Estuche de carga port\u00e1til<\/h3>\n<p>El estuche de carga extremadamente liviano con solo 28 g es conveniente para llevar los auriculares y cargarlos en cualquier lugar y en cualquier momento.<\/p>\n<p>&nbsp;<\/p>\n<h3>Especificaciones<\/h3>\n<ul>\n<li>Voltaje de carga: DC 5V.<\/li>\n<li>Capacidad de la bater\u00eda del estuche de carga: 400 mAh.<\/li>\n<li>Rango de trabajo: 33 pies (10 m).<\/li>\n<li>Auricular cargado a tiempo completo: 1horas.<\/li>\n<li>Tiempo de juego: 4 horas.<\/li>\n<\/ul>\n<p>&nbsp;<\/p>\n<h3>Especificaciones t\u00e9cnicas<\/h3>\n<ul>\n<li>Peso del producto: 109 g.<\/li>\n<li>Dimensiones del paquete: 9.6 x 7 x 4.4 cm.<\/li>\n<li>Referencia del fabricante: hphonei8s.<\/li>\n<li>Tecnolog\u00edas de conectividad: Bluetooth.<\/li>\n<li>Caracter\u00edsticas especiales: Ligero, Bluetooth, Inal\u00e1mbrico.<\/li>\n<li>Color: Negro.<\/li>\n<\/ul>\n","protected":false},"excerpt":{"rendered":"<h2>IFORU Aud\u00edfonos Inal\u00e1mbricos, Bluetooth 5.0 .<\/h2>\n<p>Un Bot\u00f3n Control, Disfruta tu M\u00fasica Favorita en Cualquier Lugar y en Cualquier Momento.<\/p>\n<p style=\"text-align: left;\">Entrega Gratis.<br \/>\nGarant\u00eda de 25 d\u00edas.<br \/>\nDevoluci\u00f3n sin costo.<br \/>\nEL ART\u00cdCULO ACEPTA CUP\u00d3N DE DESCUENTO.<\/p>\n<p style=\"text-align: left;\"><img decoding=\"async\" class=\"size-full wp-image-456 alignnone\" src=\"https:\/\/deepcontents.online\/demos\/tienda\/wp-content\/uploads\/2020\/05\/QC-Color-125px.png\" alt=\"\" width=\"125\" height=\"148\" \/><\/p>\n<p>&nbsp;<\/p>\n","protected":false},"featured_media":460,"comment_status":"open","ping_status":"closed","template":"","meta":{"neve_meta_sidebar":"","neve_meta_container":"","neve_meta_enable_content_width":"off","neve_meta_content_width":0,"neve_meta_title_alignment":"","neve_meta_author_avatar":"","neve_post_elements_order":"","neve_meta_disable_header":"","neve_meta_disable_footer":"","neve_meta_disable_title":""},"product_brand":[],"product_cat":[32],"product_tag":[],"class_list":{"0":"post-457","1":"product","2":"type-product","3":"status-publish","4":"has-post-thumbnail","6":"product_cat-audio","8":"first","9":"instock","10":"taxable","11":"shipping-taxable","12":"purchasable","13":"product-type-simple"},"_links":{"self":[{"href":"https:\/\/deepcontents.online\/demos\/tienda\/wp-json\/wp\/v2\/product\/457","targetHints":{"allow":["GET"]}}],"collection":[{"href":"https:\/\/deepcontents.online\/demos\/tienda\/wp-json\/wp\/v2\/product"}],"about":[{"href":"https:\/\/deepcontents.online\/demos\/tienda\/wp-json\/wp\/v2\/types\/product"}],"replies":[{"embeddable":true,"href":"https:\/\/deepcontents.online\/demos\/tienda\/wp-json\/wp\/v2\/comments?post=457"}],"wp:featuredmedia":[{"embeddable":true,"href":"https:\/\/deepcontents.online\/demos\/tienda\/wp-json\/wp\/v2\/media\/460"}],"wp:attachment":[{"href":"https:\/\/deepcontents.online\/demos\/tienda\/wp-json\/wp\/v2\/media?parent=457"}],"wp:term":[{"taxonomy":"product_brand","embeddable":true,"href":"https:\/\/deepcontents.online\/demos\/tienda\/wp-json\/wp\/v2\/product_brand?post=457"},{"taxonomy":"product_cat","embeddable":true,"href":"https:\/\/deepcontents.online\/demos\/tienda\/wp-json\/wp\/v2\/product_cat?post=457"},{"taxonomy":"product_tag","embeddable":true,"href":"https:\/\/deepcontents.online\/demos\/tienda\/wp-json\/wp\/v2\/product_tag?post=457"}],"curies":[{"name":"wp","href":"https:\/\/api.w.org\/{rel}","templated":true}]}}