{"id":558,"date":"2020-06-03T21:41:44","date_gmt":"2020-06-04T02:41:44","guid":{"rendered":"https:\/\/formasfinas.mx\/tienda\/?post_type=product&#038;p=558"},"modified":"2020-06-16T12:57:04","modified_gmt":"2020-06-16T17:57:04","slug":"yicf-power-bank-20000mah","status":"publish","type":"product","link":"https:\/\/deepcontents.online\/demos\/tienda\/product\/yicf-power-bank-20000mah\/","title":{"rendered":"YICF Power Bank 20000mAh"},"content":{"rendered":"<h3>CAPACIDAD ULTRA ALTA DE 20000 MAH<\/h3>\n<p>Bulit con chips inteligentes mejorados y 2 bater\u00edas de premium Li-Polymer, este cargador port\u00e1til tiene una capacidad de energ\u00eda enorme con 20000 mAh, que puede agregar de 5 a 7 cargas a su celular o tableta, le brinda suficiente alimentaci\u00f3n durante el uso su dispositivo fuera.<\/p>\n<h3>DISE\u00d1O COMPACTO Y PORT\u00c1TIL<\/h3>\n<p>La 2 salidas de carga rapida le permite cargar 2 dispositivos r\u00e1pidamente al mismo tiempo. Y la pantalla LCD muestra la capacidad restante de la bater\u00eda con precisi\u00f3n. Ligero port\u00e1til y tama\u00f1o de la palma de la mano con huellas dactilares y superficie resistente al sudor, f\u00e1cil de llevar.<\/p>\n<h3>EXCEPTO SU TIEMPO DE CARGA<\/h3>\n<p>2 bater\u00edas de pol\u00edmero de litio de alta calidad y chips inteligentes avanzados funcionan en conjunto, PowerIQ y Voltage Boost que proporcionan una carga de velocidad m\u00e1xima a cualquier dispositivo, recargan completamente el banco de energ\u00eda en 10-12 horas con 2A y 20-24 Horas con 1A.<\/p>\n<h3>PROTECCI\u00d3N DE ALTA SEGURIDAD<\/h3>\n<p>Con la bater\u00eda y los chips de alta tecnolog\u00eda avanzada, este cargador de bolsillo puede producir de manera eficiente, protegiendo su dispositivo contra sobrecargas, cortocircuitos y sobrecalentamientos.<\/p>\n<h3>DETALLES DEL PAQUETE<\/h3>\n<p>Recibir\u00e1 1 unids 20000mAh cargador port\u00e1til + 1 unids cable micro USB + 1 unids manual de usuario, ofrecemos 12 meses de garant\u00eda y 24 horas de servicio en l\u00ednea, cualquier pregunta, por favor cont\u00e1ctenos amablemente.<\/p>\n<p>&nbsp;<\/p>\n<h3>Informaci\u00f3n de producto<\/h3>\n<h4>Especificaciones t\u00e9cnicas<\/h4>\n<ul>\n<li>Marca: YICF.<\/li>\n<li>Modelo: YPB20000.<\/li>\n<li>N\u00famero de parte: YPB20000.<\/li>\n<li>Duraci\u00f3n promedio de la bater\u00eda: 2 a\u00f1os.<\/li>\n<li>Bater\u00edas incluidas: S\u00ed.<\/li>\n<li>Bater\u00edas necesarias: S\u00ed.<\/li>\n<li>Capacidad de la bater\u00eda: 20000 milliampere_hour.<\/li>\n<li>Composici\u00f3n de celdas de bater\u00eda: Pol\u00edmero de litio.<\/li>\n<\/ul>\n<p>&nbsp;<\/p>\n<h3>Informaci\u00f3n adicional<\/h3>\n<ul>\n<li>Peso del producto: 399 g.<\/li>\n<li>Peso del env\u00edo: 499 g.<\/li>\n<li>Pilas: 1 Pol\u00edmero de litio necesaria(s), incluida(s).<\/li>\n<\/ul>\n","protected":false},"excerpt":{"rendered":"<h3>YICF Power Bank 20000mAh, Bater\u00eda Externa 20000 mAh, Bateria Portatil Carga Rapida 10.5W, Color Negro.<\/h3>\n<p>&nbsp;<\/p>\n<p>Entrega Gratis.<br \/>\nGarant\u00eda de 25 d\u00edas.<br \/>\nDevoluci\u00f3n sin costo.<br \/>\nEL ART\u00cdCULO ACEPTA CUP\u00d3N DE DESCUENTO.<\/p>\n<p><img decoding=\"async\" class=\"alignnone size-full wp-image-456\" src=\"https:\/\/deepcontents.online\/demos\/tienda\/wp-content\/uploads\/2020\/05\/QC-Color-125px.png\" alt=\"\" width=\"125\" height=\"148\" \/><\/p>\n","protected":false},"featured_media":559,"comment_status":"open","ping_status":"closed","template":"","meta":{"neve_meta_sidebar":"","neve_meta_container":"","neve_meta_enable_content_width":"off","neve_meta_content_width":0,"neve_meta_title_alignment":"","neve_meta_author_avatar":"","neve_post_elements_order":"","neve_meta_disable_header":"","neve_meta_disable_footer":"","neve_meta_disable_title":""},"product_brand":[],"product_cat":[32,33,23],"product_tag":[],"class_list":{"0":"post-558","1":"product","2":"type-product","3":"status-publish","4":"has-post-thumbnail","6":"product_cat-audio","7":"product_cat-computo","8":"product_cat-video","10":"first","11":"instock","12":"sale","13":"taxable","14":"shipping-taxable","15":"purchasable","16":"product-type-simple"},"_links":{"self":[{"href":"https:\/\/deepcontents.online\/demos\/tienda\/wp-json\/wp\/v2\/product\/558","targetHints":{"allow":["GET"]}}],"collection":[{"href":"https:\/\/deepcontents.online\/demos\/tienda\/wp-json\/wp\/v2\/product"}],"about":[{"href":"https:\/\/deepcontents.online\/demos\/tienda\/wp-json\/wp\/v2\/types\/product"}],"replies":[{"embeddable":true,"href":"https:\/\/deepcontents.online\/demos\/tienda\/wp-json\/wp\/v2\/comments?post=558"}],"wp:featuredmedia":[{"embeddable":true,"href":"https:\/\/deepcontents.online\/demos\/tienda\/wp-json\/wp\/v2\/media\/559"}],"wp:attachment":[{"href":"https:\/\/deepcontents.online\/demos\/tienda\/wp-json\/wp\/v2\/media?parent=558"}],"wp:term":[{"taxonomy":"product_brand","embeddable":true,"href":"https:\/\/deepcontents.online\/demos\/tienda\/wp-json\/wp\/v2\/product_brand?post=558"},{"taxonomy":"product_cat","embeddable":true,"href":"https:\/\/deepcontents.online\/demos\/tienda\/wp-json\/wp\/v2\/product_cat?post=558"},{"taxonomy":"product_tag","embeddable":true,"href":"https:\/\/deepcontents.online\/demos\/tienda\/wp-json\/wp\/v2\/product_tag?post=558"}],"curies":[{"name":"wp","href":"https:\/\/api.w.org\/{rel}","templated":true}]}}