{"id":567,"date":"2020-06-03T21:54:14","date_gmt":"2020-06-04T02:54:14","guid":{"rendered":"https:\/\/formasfinas.mx\/tienda\/?post_type=product&#038;p=567"},"modified":"2020-06-16T12:55:49","modified_gmt":"2020-06-16T17:55:49","slug":"rabbitstorm-porta-perfume-mini-portatil-de-viaje","status":"publish","type":"product","link":"https:\/\/deepcontents.online\/demos\/tienda\/product\/rabbitstorm-porta-perfume-mini-portatil-de-viaje\/","title":{"rendered":"Rabbitstorm Porta Perfume &#8211; Mini Port\u00e1til de Viaje"},"content":{"rendered":"<p>Perfecto para sanitizar las manos llen\u00e1ndolo de alcohol,\u00a0o viajar guardando tu perfume favorito, ll\u00e9valos al gimnasio, date una cita o d\u00e9jalo en tu auto, en la fiesta, maquillarte o util\u00edzalo como una botella de muestra de perfume.<\/p>\n<p>&nbsp;<\/p>\n<p>Construcci\u00f3n de vidrio s\u00f3lido con un exterior de colores vivos. Su tama\u00f1o discreto les permite caber c\u00f3modamente en su bolsillo, cartera, bolso, mochila o equipaje.<\/p>\n<p>&nbsp;<\/p>\n<p>Atomizador de perfume de viaje, f\u00e1cil de usar, adecuado para fiestas, viajes, actividades al aire libre, adecuado para perfume de hombres y mujeres.<\/p>\n<p>&nbsp;<\/p>\n<p>Peque\u00f1o orificio del atomizador, buen sellado para evitar fugas, descarga de l\u00edquido suave, ayuda a reducir el desperdicio de perfume, hace que el aerosol sea m\u00e1s fino.<\/p>\n<p>El frasco de perfume de 9,3 cm es peque\u00f1o y liviano y puede guardarse en un bolsillo o bolso para facilitar su transporte y almacenamiento. Es el mejor accesorio para viajes y actividades al aire libre.<\/p>\n<p>Doble protecci\u00f3n de la botella, separaci\u00f3n de la carcasa de al\u00famina y revestimiento de vidrio, buen sellado, alta seguridad, sin reacci\u00f3n con perfume.<\/p>\n<p>Carcasa de al\u00famina, proceso de pulido, excelente mano de obra, peso ligero, fuerte y resistente, viaje personalizado personalizado.<\/p>\n<p>&nbsp;<\/p>\n<h3>INFORMACI\u00d3N DE PRODUCTO<\/h3>\n<h4>Descripci\u00f3n del producto<\/h4>\n<h3>Consejo especial<\/h3>\n<p>No se llena completamente la botella, porque hay un orificio de aire en el rociador, si se llena demasiado, se puede filtrar desde el orificio de ventilaci\u00f3n.<\/p>\n<p>&nbsp;<\/p>\n<h3>Especificaci\u00f3n<\/h3>\n<ul>\n<li>Perfecto para almacenar algunos de tus perfumes favoritos.<\/li>\n<li>Remover en un recipiente m\u00e1s peque\u00f1o sin tener que tomar toda la botella.<\/li>\n<li>Simple de rellenar en segundos.<\/li>\n<li>Capacidad: 5 ml \/ pc.<\/li>\n<li>Material: recipiente interno de vidrio y carcasa de metal.<\/li>\n<li>Tama\u00f1o: di\u00e1metro: 17 mm; altura: 80 mm<\/li>\n<\/ul>\n<h3>Nota:<br \/>\n1.El art\u00edculo est\u00e1 vac\u00edo Botella de perfume, sin perfume en la botella.<br \/>\n2. Presione varias veces para dejar salir el aire antes de poner el perfume.<br \/>\n3. Verifique que el orificio inferior est\u00e9 funcionando, y coloque el perfume en la botella.<\/h3>\n<h3>Incluido<\/h3>\n<p>Botella de perfume port\u00e1til 4pcs.<\/p>\n","protected":false},"excerpt":{"rendered":"<h3>Rabbitstorm Porta Perfume &#8211; Mini Port\u00e1til de Viaje Atomizador del Perfume Recargable de Bolsillo, 4 PACK Botellas de Perfume 5 ml.<\/h3>\n<p>&nbsp;<\/p>\n<h2>Perfecto para sanitizar las manos llen\u00e1ndolo de alcohol.<\/h2>\n<p>Entrega Gratis.<br \/>\nGarant\u00eda de 25 d\u00edas.<br \/>\nDevoluci\u00f3n sin costo.<br \/>\nEL ART\u00cdCULO ACEPTA CUP\u00d3N DE DESCUENTO.<\/p>\n<p><img decoding=\"async\" class=\"alignnone size-full wp-image-456\" src=\"https:\/\/deepcontents.online\/demos\/tienda\/wp-content\/uploads\/2020\/05\/QC-Color-125px.png\" alt=\"\" width=\"125\" height=\"148\" \/><\/p>\n<p>&nbsp;<\/p>\n","protected":false},"featured_media":571,"comment_status":"open","ping_status":"closed","template":"","meta":{"neve_meta_sidebar":"","neve_meta_container":"","neve_meta_enable_content_width":"off","neve_meta_content_width":0,"neve_meta_title_alignment":"","neve_meta_author_avatar":"","neve_post_elements_order":"","neve_meta_disable_header":"","neve_meta_disable_footer":"","neve_meta_disable_title":""},"product_brand":[],"product_cat":[24],"product_tag":[],"class_list":{"0":"post-567","1":"product","2":"type-product","3":"status-publish","4":"has-post-thumbnail","6":"product_cat-cuidado-personal","8":"first","9":"instock","10":"taxable","11":"shipping-taxable","12":"purchasable","13":"product-type-simple"},"_links":{"self":[{"href":"https:\/\/deepcontents.online\/demos\/tienda\/wp-json\/wp\/v2\/product\/567","targetHints":{"allow":["GET"]}}],"collection":[{"href":"https:\/\/deepcontents.online\/demos\/tienda\/wp-json\/wp\/v2\/product"}],"about":[{"href":"https:\/\/deepcontents.online\/demos\/tienda\/wp-json\/wp\/v2\/types\/product"}],"replies":[{"embeddable":true,"href":"https:\/\/deepcontents.online\/demos\/tienda\/wp-json\/wp\/v2\/comments?post=567"}],"wp:featuredmedia":[{"embeddable":true,"href":"https:\/\/deepcontents.online\/demos\/tienda\/wp-json\/wp\/v2\/media\/571"}],"wp:attachment":[{"href":"https:\/\/deepcontents.online\/demos\/tienda\/wp-json\/wp\/v2\/media?parent=567"}],"wp:term":[{"taxonomy":"product_brand","embeddable":true,"href":"https:\/\/deepcontents.online\/demos\/tienda\/wp-json\/wp\/v2\/product_brand?post=567"},{"taxonomy":"product_cat","embeddable":true,"href":"https:\/\/deepcontents.online\/demos\/tienda\/wp-json\/wp\/v2\/product_cat?post=567"},{"taxonomy":"product_tag","embeddable":true,"href":"https:\/\/deepcontents.online\/demos\/tienda\/wp-json\/wp\/v2\/product_tag?post=567"}],"curies":[{"name":"wp","href":"https:\/\/api.w.org\/{rel}","templated":true}]}}