{"id":577,"date":"2020-06-03T22:04:08","date_gmt":"2020-06-04T03:04:08","guid":{"rendered":"https:\/\/formasfinas.mx\/tienda\/?post_type=product&#038;p=577"},"modified":"2020-06-24T14:54:50","modified_gmt":"2020-06-24T19:54:50","slug":"organizador-de-pildoras-semanal","status":"publish","type":"product","link":"https:\/\/deepcontents.online\/demos\/tienda\/product\/organizador-de-pildoras-semanal\/","title":{"rendered":"Organizador de P\u00edldoras Semanal"},"content":{"rendered":"<h3>Dise\u00f1o impermeable de doble sellado<\/h3>\n<ul>\n<li>Fuera del organizador de p\u00edldoras en forma de c\u00e1psula, se agrega una caja m\u00e1s con sellado de doble color para sostener y evitar que el organizador de pastillas entre en contacto con agua o humedad para almacenar sus p\u00edldoras en condiciones secas.<\/li>\n<li>El doble sellado hace que las pastillas sean m\u00e1s frescas, m\u00e1s ahorradoras y m\u00e1s higi\u00e9nicas, puedes llevarlas a la playa, acampar, viajar, lo que quieras.<\/li>\n<\/ul>\n<h3>Compacto y port\u00e1til<\/h3>\n<ul>\n<li>Ya que los compartimentos se amontonan para formar una columna, los dispensadores semanales de porta p\u00edldoras pueden caber f\u00e1cilmente en su bolsillo o bolso.<\/li>\n<li>Es esencial e ideal en viajes para almacenar no solo p\u00edldoras, sino tambi\u00e9n peque\u00f1as joyas, aretes, cuentas o dulces.<\/li>\n<li>Un cable atado en la funda de la pastilla lo hace port\u00e1til para que lo pueda sujetar con la mano o lo puede sujetar en su bolsa o equipaje para una b\u00fasqueda f\u00e1cil y urgente.<\/li>\n<\/ul>\n<h3>Gran espacio de almacenamiento<\/h3>\n<ul>\n<li>7 compartimentos redondos independientes para sus p\u00edldoras semanales, que distinguen eficazmente los medicamentos y evitan que se confundan con los alimentos.<\/li>\n<li>Cada compartimento de 1.7 \u00abde di\u00e1metro y 0.6\u00bb de altura.<\/li>\n<li>Este dise\u00f1o \u00fanico tambi\u00e9n garantiza que las diferentes p\u00edldoras no se condimenten entre s\u00ed.<\/li>\n<li>La fecha de MON a SUN en los compartimentos est\u00e1 marcada por una impresi\u00f3n de pantalla \u00fanica y ha pasado una prueba de resistencia a la abrasi\u00f3n de alta resistencia.<\/li>\n<\/ul>\n<h3>Materiales de calidad<\/h3>\n<ul>\n<li>Nuestros organizadores de pastillas est\u00e1n hechos de fibra de grano natural, libre de BPA y no t\u00f3xico, bueno para la salud.<\/li>\n<li>Parece una c\u00e1psula grande y seguro para contener p\u00edldoras, vitaminas, aceite de pescado y suplementos.<\/li>\n<\/ul>\n<h3>F\u00e1cil de abrir y cerrar<\/h3>\n<p>El dise\u00f1o exclusivo de la perilla nos permite operar sin esfuerzo a trav\u00e9s de la palma . De este modo, deshacerse de la presi\u00f3n causada por la operaci\u00f3n de un solo dedo.<\/p>\n","protected":false},"excerpt":{"rendered":"<p>Organizador de P\u00edldoras Semanal, Caja de Pastillero de Viaje de 7 d\u00edas con Moldeo de C\u00e1psula \u00danico, Fibra de Grano a Prueba de Humedad BPA Free Resistente al Agua y Port\u00e1til.<\/p>\n<p>Entrega Gratis.<br \/>\nGarant\u00eda de 25 d\u00edas.<br \/>\nDevoluci\u00f3n sin costo.<br \/>\nEL ART\u00cdCULO ACEPTA CUP\u00d3N DE DESCUENTO.<\/p>\n<p><img decoding=\"async\" class=\"alignnone size-full wp-image-456\" src=\"https:\/\/deepcontents.online\/demos\/tienda\/wp-content\/uploads\/2020\/05\/QC-Color-125px.png\" alt=\"\" width=\"125\" height=\"148\" \/><\/p>\n","protected":false},"featured_media":580,"comment_status":"open","ping_status":"closed","template":"","meta":{"neve_meta_sidebar":"","neve_meta_container":"","neve_meta_enable_content_width":"off","neve_meta_content_width":0,"neve_meta_title_alignment":"","neve_meta_author_avatar":"","neve_post_elements_order":"","neve_meta_disable_header":"","neve_meta_disable_footer":"","neve_meta_disable_title":""},"product_brand":[],"product_cat":[24],"product_tag":[],"class_list":{"0":"post-577","1":"product","2":"type-product","3":"status-publish","4":"has-post-thumbnail","6":"product_cat-cuidado-personal","8":"first","9":"outofstock","10":"taxable","11":"shipping-taxable","12":"purchasable","13":"product-type-simple"},"_links":{"self":[{"href":"https:\/\/deepcontents.online\/demos\/tienda\/wp-json\/wp\/v2\/product\/577","targetHints":{"allow":["GET"]}}],"collection":[{"href":"https:\/\/deepcontents.online\/demos\/tienda\/wp-json\/wp\/v2\/product"}],"about":[{"href":"https:\/\/deepcontents.online\/demos\/tienda\/wp-json\/wp\/v2\/types\/product"}],"replies":[{"embeddable":true,"href":"https:\/\/deepcontents.online\/demos\/tienda\/wp-json\/wp\/v2\/comments?post=577"}],"wp:featuredmedia":[{"embeddable":true,"href":"https:\/\/deepcontents.online\/demos\/tienda\/wp-json\/wp\/v2\/media\/580"}],"wp:attachment":[{"href":"https:\/\/deepcontents.online\/demos\/tienda\/wp-json\/wp\/v2\/media?parent=577"}],"wp:term":[{"taxonomy":"product_brand","embeddable":true,"href":"https:\/\/deepcontents.online\/demos\/tienda\/wp-json\/wp\/v2\/product_brand?post=577"},{"taxonomy":"product_cat","embeddable":true,"href":"https:\/\/deepcontents.online\/demos\/tienda\/wp-json\/wp\/v2\/product_cat?post=577"},{"taxonomy":"product_tag","embeddable":true,"href":"https:\/\/deepcontents.online\/demos\/tienda\/wp-json\/wp\/v2\/product_tag?post=577"}],"curies":[{"name":"wp","href":"https:\/\/api.w.org\/{rel}","templated":true}]}}