{"id":596,"date":"2020-06-03T22:18:45","date_gmt":"2020-06-04T03:18:45","guid":{"rendered":"https:\/\/formasfinas.mx\/tienda\/?post_type=product&#038;p=596"},"modified":"2020-06-03T22:19:59","modified_gmt":"2020-06-04T03:19:59","slug":"bomba-de-botella-de-agua","status":"publish","type":"product","link":"https:\/\/deepcontents.online\/demos\/tienda\/product\/bomba-de-botella-de-agua\/","title":{"rendered":"Bomba de botella de agua"},"content":{"rendered":"<h3>Material seguro<\/h3>\n<p>Dispensador de agua potable sin BPA, manguera de silicona de grado alimenticio, acero inoxidable 304, pl\u00e1stico ABS de alta densidad, no t\u00f3xico y sin olor.<\/p>\n<p>&nbsp;<\/p>\n<h3>Alta compatibilidad<\/h3>\n<p>El dispositivo de bombeo el\u00e9ctrico adecuado para agua potable pura embotellada, adecuado para una variedad de modelos de barriles de galones sin levantar la tapa.<\/p>\n<p>&nbsp;<\/p>\n<h3>Bater\u00eda recargable USB<\/h3>\n<ul>\n<li>Bater\u00eda recargable incorporada de 1200 mAh. Se puede usar durante 30-40 d\u00edas o alrededor de 4-6 botellas de agua de 5 galones una vez que est\u00e9 completamente cargada.<\/li>\n<li>No es necesario cargar todos los d\u00edas.<\/li>\n<\/ul>\n<h3><\/h3>\n<h3>F\u00e1cil de usar<\/h3>\n<ul>\n<li>Simplemente fije la peque\u00f1a bomba en la boca de la botella. Una operaci\u00f3n de interruptor, totalmente sin problemas incluso para ni\u00f1os y ancianos.<\/li>\n<li>Bomba el\u00e9ctrica de agua compatible con botellas y garrafones de capacidad diferente: 4.5L, 5L, 7.5L, 10L, 11.3L, 15L, 18.9L.<\/li>\n<li>Este dispensador de agua es adecuado para botellas con un di\u00e1metro de 5.5-5.8cm (2.16-2.28in)<\/li>\n<li>Confirme el tama\u00f1o de su cuello antes de comprarlo.<\/li>\n<\/ul>\n","protected":false},"excerpt":{"rendered":"<h3>Bomba de botella de agua, Vagalbox carga USB Dispensador de agua autom\u00e1tico Bomba de agua potable port\u00e1til compacta compacta para 5 galones Botella de agua universal Dise\u00f1o silencioso.<\/h3>\n<p>Entrega Gratis.<br \/>\nGarant\u00eda de 25 d\u00edas.<br \/>\nDevoluci\u00f3n sin costo.<br \/>\nEL ART\u00cdCULO ACEPTA CUP\u00d3N DE DESCUENTO.<\/p>\n<p><img decoding=\"async\" class=\"alignnone size-full wp-image-456\" src=\"https:\/\/deepcontents.online\/demos\/tienda\/wp-content\/uploads\/2020\/05\/QC-Color-125px.png\" alt=\"\" width=\"125\" height=\"148\" \/><\/p>\n","protected":false},"featured_media":597,"comment_status":"open","ping_status":"closed","template":"","meta":{"neve_meta_sidebar":"","neve_meta_container":"","neve_meta_enable_content_width":"off","neve_meta_content_width":0,"neve_meta_title_alignment":"","neve_meta_author_avatar":"","neve_post_elements_order":"","neve_meta_disable_header":"","neve_meta_disable_footer":"","neve_meta_disable_title":""},"product_brand":[],"product_cat":[27],"product_tag":[],"class_list":{"0":"post-596","1":"product","2":"type-product","3":"status-publish","4":"has-post-thumbnail","6":"product_cat-hogar","8":"first","9":"instock","10":"taxable","11":"shipping-taxable","12":"purchasable","13":"product-type-simple"},"_links":{"self":[{"href":"https:\/\/deepcontents.online\/demos\/tienda\/wp-json\/wp\/v2\/product\/596","targetHints":{"allow":["GET"]}}],"collection":[{"href":"https:\/\/deepcontents.online\/demos\/tienda\/wp-json\/wp\/v2\/product"}],"about":[{"href":"https:\/\/deepcontents.online\/demos\/tienda\/wp-json\/wp\/v2\/types\/product"}],"replies":[{"embeddable":true,"href":"https:\/\/deepcontents.online\/demos\/tienda\/wp-json\/wp\/v2\/comments?post=596"}],"wp:featuredmedia":[{"embeddable":true,"href":"https:\/\/deepcontents.online\/demos\/tienda\/wp-json\/wp\/v2\/media\/597"}],"wp:attachment":[{"href":"https:\/\/deepcontents.online\/demos\/tienda\/wp-json\/wp\/v2\/media?parent=596"}],"wp:term":[{"taxonomy":"product_brand","embeddable":true,"href":"https:\/\/deepcontents.online\/demos\/tienda\/wp-json\/wp\/v2\/product_brand?post=596"},{"taxonomy":"product_cat","embeddable":true,"href":"https:\/\/deepcontents.online\/demos\/tienda\/wp-json\/wp\/v2\/product_cat?post=596"},{"taxonomy":"product_tag","embeddable":true,"href":"https:\/\/deepcontents.online\/demos\/tienda\/wp-json\/wp\/v2\/product_tag?post=596"}],"curies":[{"name":"wp","href":"https:\/\/api.w.org\/{rel}","templated":true}]}}