{"id":769,"date":"2025-05-01T20:33:16","date_gmt":"2025-05-02T02:33:16","guid":{"rendered":"https:\/\/formasfinas.mx\/tienda\/?post_type=product&#038;p=769"},"modified":"2025-05-01T20:38:09","modified_gmt":"2025-05-02T02:38:09","slug":"suavizante-de-ropa-aroma-amanecer-radiante","status":"publish","type":"product","link":"https:\/\/deepcontents.online\/demos\/tienda\/product\/suavizante-de-ropa-aroma-amanecer-radiante\/","title":{"rendered":"Suavizante de ropa aroma Amanecer radiante"},"content":{"rendered":"<p>El producto que est\u00e1s buscando es un suavizante de telas que ofrece suavidad y protecci\u00f3n para toda tu ropa con aromas que perduran. Aqu\u00ed te presento algunos beneficios y caracter\u00edsticas adicionales:<\/p>\n<div class=\"html-div xdj266r x11i5rnm xat24cr x1mh8g0r xexx8yu x4uap5 x18d9i69 xkhd6sd\" tabindex=\"-1\">\n<div class=\"xe0n8xf x12d4x0i x43rr9r x1d5s5ig x6ikm8r x10wlt62 x1cgcltr xzzxbak\"><b>Beneficios<\/b><\/div>\n<\/div>\n<div class=\"html-div xdj266r x11i5rnm xat24cr x1mh8g0r xexx8yu x4uap5 x18d9i69 xkhd6sd\" tabindex=\"-1\">\n<ul>\n<li class=\"xgwjfdz xmyy1pt\">\n<div class=\"xe0n8xf x12d4x0i x43rr9r x1d5s5ig x6ikm8r x10wlt62 x1cgcltr xzzxbak\"><b>Suavidad duradera<\/b>: Deja tus prendas suaves y frescas por m\u00e1s tiempo gracias a su f\u00f3rmula de liberaci\u00f3n prolongada.<\/div>\n<\/li>\n<\/ul>\n<\/div>\n<div class=\"html-div xdj266r x11i5rnm xat24cr x1mh8g0r xexx8yu x4uap5 x18d9i69 xkhd6sd\" tabindex=\"-1\">\n<ul>\n<li class=\"xgwjfdz xmyy1pt\">\n<div class=\"xe0n8xf x12d4x0i x43rr9r x1d5s5ig x6ikm8r x10wlt62 x1cgcltr xzzxbak\"><b>Protecci\u00f3n de fibras<\/b>: Ayuda a proteger las fibras de tu ropa, previniendo da\u00f1os y prolongando su vida \u00fatil.<\/div>\n<\/li>\n<\/ul>\n<\/div>\n<div class=\"html-div xdj266r x11i5rnm xat24cr x1mh8g0r xexx8yu x4uap5 x18d9i69 xkhd6sd\" tabindex=\"-1\">\n<ul>\n<li class=\"xgwjfdz xmyy1pt\">\n<div class=\"xe0n8xf x12d4x0i x43rr9r x1d5s5ig x6ikm8r x10wlt62 x1cgcltr xzzxbak\"><b>Reducci\u00f3n de est\u00e1tica y arrugas<\/b>: Minimiza la formaci\u00f3n de arrugas y reduce la est\u00e1tica en tus prendas.<\/div>\n<\/li>\n<\/ul>\n<\/div>\n<div class=\"html-div xdj266r x11i5rnm xat24cr x1mh8g0r xexx8yu x4uap5 x18d9i69 xkhd6sd\" tabindex=\"-1\">\n<ul>\n<li class=\"xgwjfdz xmyy1pt\">\n<div class=\"xe0n8xf x12d4x0i x43rr9r x1d5s5ig x6ikm8r x10wlt62 x1cgcltr xzzxbak\"><b>Fragancia duradera<\/b>: Ofrece una fragancia intensa y duradera que puede perdurar hasta por 90 d\u00edas.<\/div>\n<\/li>\n<\/ul>\n<\/div>\n<div class=\"html-div xdj266r x11i5rnm xat24cr x1mh8g0r xexx8yu x4uap5 x18d9i69 xkhd6sd\" tabindex=\"-1\">\n<div class=\"xe0n8xf x12d4x0i x43rr9r x1d5s5ig x6ikm8r x10wlt62 x1cgcltr xzzxbak\"><b>Caracter\u00edsticas<\/b><\/div>\n<\/div>\n<div class=\"html-div xdj266r x11i5rnm xat24cr x1mh8g0r xexx8yu x4uap5 x18d9i69 xkhd6sd\" tabindex=\"-1\">\n<div class=\"xe0n8xf x12d4x0i x43rr9r x1d5s5ig x6ikm8r x10wlt62 x1cgcltr xzzxbak\"><\/div>\n<\/div>\n<div class=\"html-div xdj266r x11i5rnm xat24cr x1mh8g0r xexx8yu x4uap5 x18d9i69 xkhd6sd\" tabindex=\"-1\">\n<ul>\n<li class=\"xgwjfdz xmyy1pt\">\n<div class=\"xe0n8xf x12d4x0i x43rr9r x1d5s5ig x6ikm8r x10wlt62 x1cgcltr xzzxbak\"><b>Aceites esenciales<\/b>: Algunos productos Suavitel contienen aceites esenciales para una fragancia m\u00e1s natural y agradable.<\/div>\n<\/li>\n<\/ul>\n<\/div>\n<div class=\"html-div xdj266r x11i5rnm xat24cr x1mh8g0r xexx8yu x4uap5 x18d9i69 xkhd6sd\" tabindex=\"-1\">\n<ul>\n<li class=\"xgwjfdz xmyy1pt\">\n<div class=\"xe0n8xf x12d4x0i x43rr9r x1d5s5ig x6ikm8r x10wlt62 x1cgcltr xzzxbak\"><b>Compatibilidad con diferentes tejidos<\/b>: es compatible con una variedad de tejidos, incluyendo ropa de beb\u00e9, ropa deportiva y telas delicadas.<\/div>\n<\/li>\n<\/ul>\n<\/div>\n<div class=\"html-div xdj266r x11i5rnm xat24cr x1mh8g0r xexx8yu x4uap5 x18d9i69 xkhd6sd\" tabindex=\"-1\"><\/div>\n<div class=\"html-div xdj266r x11i5rnm xat24cr x1mh8g0r xexx8yu x4uap5 x18d9i69 xkhd6sd\" tabindex=\"-1\"><\/div>\n","protected":false},"excerpt":{"rendered":"<h3>Suavidad y Protecci\u00f3n para toda tu ropa con aromas que perduran.<\/h3>\n","protected":false},"featured_media":757,"comment_status":"open","ping_status":"closed","template":"","meta":{"neve_meta_sidebar":"","neve_meta_container":"","neve_meta_enable_content_width":"off","neve_meta_content_width":70,"neve_meta_title_alignment":"","neve_meta_author_avatar":"","neve_post_elements_order":"","neve_meta_disable_header":"","neve_meta_disable_footer":"","neve_meta_disable_title":""},"product_brand":[],"product_cat":[66,27],"product_tag":[],"class_list":{"0":"post-769","1":"product","2":"type-product","3":"status-publish","4":"has-post-thumbnail","6":"product_cat-detergente-suavizante-limpieza-de-telas","7":"product_cat-hogar","9":"first","10":"instock","11":"taxable","12":"shipping-taxable","13":"purchasable","14":"product-type-variable"},"_links":{"self":[{"href":"https:\/\/deepcontents.online\/demos\/tienda\/wp-json\/wp\/v2\/product\/769","targetHints":{"allow":["GET"]}}],"collection":[{"href":"https:\/\/deepcontents.online\/demos\/tienda\/wp-json\/wp\/v2\/product"}],"about":[{"href":"https:\/\/deepcontents.online\/demos\/tienda\/wp-json\/wp\/v2\/types\/product"}],"replies":[{"embeddable":true,"href":"https:\/\/deepcontents.online\/demos\/tienda\/wp-json\/wp\/v2\/comments?post=769"}],"wp:featuredmedia":[{"embeddable":true,"href":"https:\/\/deepcontents.online\/demos\/tienda\/wp-json\/wp\/v2\/media\/757"}],"wp:attachment":[{"href":"https:\/\/deepcontents.online\/demos\/tienda\/wp-json\/wp\/v2\/media?parent=769"}],"wp:term":[{"taxonomy":"product_brand","embeddable":true,"href":"https:\/\/deepcontents.online\/demos\/tienda\/wp-json\/wp\/v2\/product_brand?post=769"},{"taxonomy":"product_cat","embeddable":true,"href":"https:\/\/deepcontents.online\/demos\/tienda\/wp-json\/wp\/v2\/product_cat?post=769"},{"taxonomy":"product_tag","embeddable":true,"href":"https:\/\/deepcontents.online\/demos\/tienda\/wp-json\/wp\/v2\/product_tag?post=769"}],"curies":[{"name":"wp","href":"https:\/\/api.w.org\/{rel}","templated":true}]}}