{"id":3,"date":"2021-12-17T02:24:19","date_gmt":"2021-12-17T02:24:19","guid":{"rendered":"https:\/\/formasfinas.mx\/market\/?page_id=3"},"modified":"2022-08-24T00:49:36","modified_gmt":"2022-08-24T00:49:36","slug":"politica-privacidad","status":"publish","type":"page","link":"https:\/\/deepcontents.online\/demos\/politica-privacidad\/","title":{"rendered":"Pol\u00edtica de privacidad"},"content":{"rendered":"\n<h2 class=\"wp-block-heading\">Qui\u00e9nes somos<\/h2>\n\n\n\n<p>La direcci\u00f3n de nuestra web es: https:\/\/deepcontents.online\/demos.<\/p>\n\n\n\n<h2 class=\"wp-block-heading\">Comentarios<\/h2>\n\n\n\n<p>Cuando los visitantes dejan comentarios en la web, recopilamos los datos que se muestran en el formulario de comentarios, as\u00ed como la direcci\u00f3n IP del visitante y la cadena de agentes de usuario del navegador para ayudar a la detecci\u00f3n de spam.<\/p>\n\n\n\n<p>Una cadena an\u00f3nima creada a partir de tu direcci\u00f3n de correo electr\u00f3nico (tambi\u00e9n llamada hash) puede ser proporcionada al servicio de Gravatar para ver si la est\u00e1s usando. La pol\u00edtica de privacidad del servicio Gravatar est\u00e1 disponible aqu\u00ed: https:\/\/automattic.com\/privacy\/. Despu\u00e9s de la aprobaci\u00f3n de tu comentario, la imagen de tu perfil es visible para el p\u00fablico en el contexto de su comentario.<\/p>\n\n\n\n<h2 class=\"wp-block-heading\">Medios<\/h2>\n\n\n\n<p>Si subes im\u00e1genes a la web deber\u00edas evitar subir im\u00e1genes con datos de ubicaci\u00f3n (GPS EXIF) incluidos. Los visitantes de la web pueden descargar y extraer cualquier dato de localizaci\u00f3n de las im\u00e1genes de la web.<\/p>\n\n\n\n<h2 class=\"wp-block-heading\">Cookies<\/h2>\n\n\n\n<p>Si dejas un comentario en nuestro sitio puedes elegir guardar tu nombre, direcci\u00f3n de correo electr\u00f3nico y web en cookies. Esto es para tu comodidad, para que no tengas que volver a rellenar tus datos cuando dejes otro comentario. Estas cookies tendr\u00e1n una duraci\u00f3n de un a\u00f1o.<\/p>\n\n\n\n<p>Si tienes una cuenta y te conectas a este sitio, instalaremos una cookie temporal para determinar si tu navegador acepta cookies. Esta cookie no contiene datos personales y se elimina al cerrar el navegador.<\/p>\n\n\n\n<p>Cuando inicias sesi\u00f3n, tambi\u00e9n instalaremos varias cookies para guardar tu informaci\u00f3n de inicio de sesi\u00f3n y tus opciones de visualizaci\u00f3n de pantalla. Las cookies de inicio de sesi\u00f3n duran dos d\u00edas, y las cookies de opciones de pantalla duran un a\u00f1o. Si seleccionas &#8220;Recordarme&#8221;, tu inicio de sesi\u00f3n perdurar\u00e1 durante dos semanas. Si sales de tu cuenta, las cookies de inicio de sesi\u00f3n se eliminar\u00e1n.<\/p>\n\n\n\n<p>Si editas o publicas un art\u00edculo se guardar\u00e1 una cookie adicional en tu navegador. Esta cookie no incluye datos personales y simplemente indica el ID del art\u00edculo que acabas de editar. Caduca despu\u00e9s de 1 d\u00eda.<\/p>\n\n\n\n<h2 class=\"wp-block-heading\">Contenido incrustado de otros sitios web<\/h2>\n\n\n\n<p>Los art\u00edculos de este sitio pueden incluir contenido incrustado (por ejemplo, v\u00eddeos, im\u00e1genes, art\u00edculos, etc.). El contenido incrustado de otras web se comporta exactamente de la misma manera que si el visitante hubiera visitado la otra web.<\/p>\n\n\n\n<p>Estas web pueden recopilar datos sobre ti, utilizar cookies, incrustar un seguimiento adicional de terceros, y supervisar tu interacci\u00f3n con ese contenido incrustado, incluido el seguimiento de tu interacci\u00f3n con el contenido incrustado si tienes una cuenta y est\u00e1s conectado a esa web.<\/p>\n\n\n\n<h2 class=\"wp-block-heading\">Con qui\u00e9n compartimos tus datos<\/h2>\n\n\n\n<p>Si solicitas un restablecimiento de contrase\u00f1a, tu direcci\u00f3n IP ser\u00e1 incluida en el correo electr\u00f3nico de restablecimiento.<\/p>\n\n\n\n<h2 class=\"wp-block-heading\">Cu\u00e1nto tiempo conservamos tus datos<\/h2>\n\n\n\n<p>Si dejas un comentario, el comentario y sus metadatos se conservan indefinidamente. Esto es para que podamos reconocer y aprobar comentarios sucesivos autom\u00e1ticamente en lugar de mantenerlos en una cola de moderaci\u00f3n.<\/p>\n\n\n\n<p>De los usuarios que se registran en nuestra web (si los hay), tambi\u00e9n almacenamos la informaci\u00f3n personal que proporcionan en su perfil de usuario. Todos los usuarios pueden ver, editar o eliminar su informaci\u00f3n personal en cualquier momento (excepto que no pueden cambiar su nombre de usuario). Los administradores de la web tambi\u00e9n pueden ver y editar esa informaci\u00f3n.<\/p>\n\n\n\n<h2 class=\"wp-block-heading\">Qu\u00e9 derechos tienes sobre tus datos<\/h2>\n\n\n\n<p>Si tienes una cuenta o has dejado comentarios en esta web, puedes solicitar recibir un archivo de exportaci\u00f3n de los datos personales que tenemos sobre ti, incluyendo cualquier dato que nos hayas proporcionado. Tambi\u00e9n puedes solicitar que eliminemos cualquier dato personal que tengamos sobre ti. Esto no incluye ning\u00fan dato que estemos obligados a conservar con fines administrativos, legales o de seguridad.<\/p>\n\n\n\n<h2 class=\"wp-block-heading\">D\u00f3nde enviamos tus datos<\/h2>\n\n\n\n<p>Los comentarios de los visitantes puede que los revise un servicio de detecci\u00f3n autom\u00e1tica de spam.<\/p>\n\n\n\n<div style=\"height:100px\" aria-hidden=\"true\" class=\"wp-block-spacer\"><\/div>\n\n\n\n<h2 class=\"has-text-align-center wp-block-heading\">T\u00e9rminos y condiciones de plataforma<\/h2>\n\n\n\n<div style=\"height:24px\" aria-hidden=\"true\" class=\"wp-block-spacer\"><\/div>\n\n\n\n<h3 class=\"wp-block-heading\">Condiciones generales de uso de la plataforma<\/h3>\n\n\n\n<hr class=\"wp-block-separator has-alpha-channel-opacity\"\/>\n\n\n\n<p>&#8220;Comercios CDMX&#8221;, es un colectivo virtual creada en Ciudad de M\u00e9xico que pone a disposici\u00f3n en su sitio web https:\/\/deepcontents.online\/demos una plataforma (\u201cMarketplace\u201d), que permite la exhibici\u00f3n y propaganda de bienes y\/o servicios (los &#8220;Productos&#8221; o &#8220;Servicios\u201d) por parte de vendedores locales que act\u00faan a t\u00edtulo personal y que por tanto son independientes a &#8220;Comercios CDMX&#8221; (\u201clos Vendedores\u201d), para la adquisici\u00f3n en l\u00ednea de los mismos por parte de los consumidores (\u201cClientes\u201d o \u201cUsuarios\u201d).<\/p>\n\n\n\n<p>Comercio CDMX, no es distribuidor de los Productos o Servicios ofrecidos por los Vendedores, no tiene ninguna posici\u00f3n contractual dentro de la transacci\u00f3n efectuada entre Clientes y Vendedores, y tampoco podr\u00e1 ser calificado como revendedor de los productos ofrecidos por los Vendedores en la Marketplace.<\/p>\n\n\n\n<h5 class=\"wp-block-heading\"><strong>\u00c1mbito de aplicaci\u00f3n de las Condiciones de Uso<\/strong><\/h5>\n\n\n\n<p>Las presentes condiciones generales de uso de la Marketplace (\u201cCondiciones de Uso\u201d) se aplican a todos los pedidos de Productos realizados por los Usuarios a los Vendedores de la Marketplace. Las Condiciones de Uso aplicables son las que se encuentren vigentes en el momento de realizar el pedido por parte del Usuario. De igual manera, el Vendedor por el s\u00f3lo hecho de exhibir los Productos en la Marketplace confirma el entendimiento y acepta incondicionalmente la aplicaci\u00f3n de los mismos.<\/p>\n\n\n\n<h5 class=\"wp-block-heading\"><strong>Capacidad para el uso de la plataforma<\/strong><\/h5>\n\n\n\n<p>Los servicios ofrecidos en la Marketplace \u00fanicamente podr\u00e1n ser utilizados por personas que tengan capacidad legal para contratar de conformidad con lo dispuesto por la legislaci\u00f3n mexicana vigente y su uso es \u00fanica y exclusivamente para realizar pedidos a los Vendedores ya sea por la plataforma, por medio de alguna de las herramientas de comunicaci\u00f3n de la Plataforma o por datos de contacto que el Vendedor haya indicado en la publicaci\u00f3n de sus Productos o Servicios.<\/p>\n\n\n\n<h5 class=\"wp-block-heading\"><strong>Proceso de compra<\/strong><\/h5>\n\n\n\n<ul class=\"wp-block-list\"><li>Los Usuarios pueden ordenar los Productos ofrecidos en la Marketplace de manera directa e independiente por parte de los Vendedores, los cuales pueden ser claramente identificados por una marca en la descripci\u00f3n de los mismos o por la secci\u00f3n con el logotipo del Vendedor justo debajo del bot\u00f3n de &#8220;A\u00f1adir al carrito&#8221;. La descripci\u00f3n de los Productos es suministrada por los Vendedores, siendo por tanto \u00e9stos los \u00fanicos responsables de la integridad de la descripci\u00f3n facilitada y la conformidad de los Productos con dicha descripci\u00f3n.<\/li><li>Al hacer clic en el icono &#8220;Realizar pedido&#8221; durante el proceso de pedido, una vez le\u00edda la Pol\u00edtica de Privacidad indicada justo antes del bot\u00f3n &#8220;Realizar el pedido&#8221;, y las Condiciones Generales de Venta del Vendedor en la p\u00e1gina del producto, habiendo comprobado el contenido de la orden o, de ser el caso, despu\u00e9s de la modificaci\u00f3n de la misma, el Usuario declara aceptar plenamente y sin reserva alguna la totalidad de las Condiciones de Uso de la Marketplace.<\/li><li>El Usuario podr\u00e1 omitir en cualquier momento la solicitud del pedido si este se comunica directamente con el Vendedor por medio de alguna herramienta de contacto dentro de la plataforma o con datos que se publicaran en la ficha del producto.<\/li><li>Una vez confirmado el contenido de la orden, aceptadas las Condiciones de Uso de la Marketplace y las obligaciones de pago del pedido directamente al Vendedor seg\u00fan sus t\u00e9rminos indicados, el Usuario validar\u00e1 definitivamente su orden por el pago efectivo siendo el Vendedor \u00fanico y total responsable de la entrega o realizaci\u00f3n de los productos y servicios solicitados por el Comprador, as\u00ed como del cobro del mismo seg\u00fan sus t\u00e9rminos. El pedido ser\u00e1 v\u00e1lido y la venta efectuada por parte del Vendedor est\u00e1 sujeta a la condici\u00f3n resolutoria de que el producto est\u00e9 disponible.<\/li><li>Los Usuarios realizar\u00e1n el pago en efectivo contra entrega, por transferencia o pago con tarjeta seg\u00fan lo indique el Vendedor con sus propios recursos y herramientas.<br>La preparaci\u00f3n y el env\u00edo del pedido por parte del Vendedor dependen de los t\u00e9rminos y condiciones que se indica en la publicaci\u00f3n del producto. As\u00ed como la entrega indicada en la ficha del Producto, siendo el Vendedor considerados responsable por la demora en la entrega o por la cancelaci\u00f3n del pedido. En caso de que el Usuario se niegue a confirmar la informaci\u00f3n necesaria para comprobar la veracidad del pago por parte del Usuario el Vendedor podr\u00e1 realizar la cancelaci\u00f3n o retraso del producto o servicio.<\/li><li>La plataforma notificar\u00e1 siempre y cuando el pedido se realice en la plataforma al Vendedor si uno o m\u00e1s de los Productos tiene una orden de compra de un Cliente. El Vendedor deber\u00e1 confirmar o negar la disponibilidad de los Productos lo antes posible y aceptar firmemente el pedido. Una vez verificado lo anterior, el Vendedor se comunicar\u00e1 al Cliente la no disponibilidad de los Productos solicitados.<\/li><li>Si el Vendedor confirma la disponibilidad de los Productos, el contrato de venta se concluye definitivamente entre el Vendedor y el Usuario y contactar al cliente para informarle.<br>El vendedor es el \u00fanico responsable en caso de no disponibilidad del Producto ya que este punto solo lo controla el mismo.<\/li><li>Si el Vendedor confirma la disponibilidad de uno o m\u00e1s Productos (inclusive de forma parcial en caso de que alg\u00fan Producto no se encontrara disponible), se compromete a enviar y entregar los Productos disponibles en el plazo establecido, en la forma elegida por el Usuario o que acuerde con el Vendedor.<\/li><\/ul>\n\n\n\n<h5 class=\"wp-block-heading\"><strong>Env\u00edo y entrega<\/strong><\/h5>\n\n\n\n<p>El vendedor ser\u00e1 responsable de cumplir en tiempo y forma con el env\u00edo y entrega del producto anunciado despu\u00e9s de la confirmaci\u00f3n de la disponibilidad de los Productos \/ servicio ordenado por lo que el Usuario podr\u00e1 contactar en cualquier momento al Vendedor para dar seguimiento a la entrega siendo el \u00fanico responsable de la misma.<\/p>\n\n\n\n<h5 class=\"wp-block-heading\"><strong>Derecho de devoluci\u00f3n<\/strong><\/h5>\n\n\n\n<p>Las devoluciones de pago se har\u00e1n por el valor del Producto pagado, siempre y cuando el Cliente pagara previamente por medios electr\u00f3nicos. En ning\u00fan caso Comercios CDMX recibir\u00e1 pagos, transferencias o cobros al Cliente.<\/p>\n\n\n\n<p>Para devolver un Producto, el Usuario deber\u00e1 ponerse en contacto con el Vendedor. La devoluci\u00f3n de un Producto se har\u00e1 de conformidad con los t\u00e9rminos y condiciones indicados en la Ley Federal de Protecci\u00f3n al Consumidor (<a href=\"https:\/\/www.dof.gob.mx\/nota_detalle.php?codigo=5582358&amp;fecha=19\/12\/2019#gsc.tab=0\" target=\"_blank\" rel=\"noreferrer noopener\">Ver Ley<\/a>), y, en lo que no contradiga a \u00e9ste, por los t\u00e9rminos y condiciones especificados por el Vendedor. Todo Producto debe ser devuelto en las mismas condiciones en las cuales fue recibido, con todos los accesorios suministrados de ser el caso (cuerdas, garant\u00edas, manuales, software, etc.), sin da\u00f1os, sin ser utilizado, en su embalaje original, y debe ser enviado a la direcci\u00f3n comunicada por el Vendedor.<\/p>\n\n\n\n<p>No se aceptar\u00e1 la devoluci\u00f3n para efectos de devoluci\u00f3n los art\u00edculos que no presenten los sellos de seguridad, hayan sido usados o manipulados en su operaci\u00f3n bajo condiciones que se estiman van m\u00e1s all\u00e1 de las necesarias para verificar sus condiciones de entrega.<\/p>\n\n\n\n<p>El Vendedor realizar\u00e1 el reembolso al Usuario a trav\u00e9s de los mismos medios de pago utilizados para realizar su pedido o uno diferente de muto acuerdo.<\/p>\n\n\n\n<h5 class=\"wp-block-heading\"><strong>Precios<\/strong><\/h5>\n\n\n\n<p>Los precios de los Productos son determinados libremente por los Vendedores y el Vendedor deber\u00e1 indicar el precio de su env\u00edo o se encuentra excluido de ese costo, en la ficha de los Productos. Si es necesario, se a\u00f1aden los gastos de env\u00edo al precio de los Productos antes de la validaci\u00f3n final por el Cliente.<\/p>\n\n\n\n<p>Algunos de los Productos ofertados en la Marketplace pueden sufrir algunos cambios en el precio durante el d\u00eda por causas ajenas a la voluntad de los Vendedores, por ejemplo aquellas derivadas de la fluctuaci\u00f3n de divisas.<\/p>\n\n\n\n<h5 class=\"wp-block-heading\"><strong>Responsabilidad<\/strong><\/h5>\n\n\n\n<ul class=\"wp-block-list\"><li>Los Productos ofertados a trav\u00e9s de la Marketplace est\u00e1n sujetos a disponibilidad y se ofrecen de forma limitada hasta agotar las existencias informadas por los Vendedores. Eventualmente podr\u00eda suceder que un mismo producto sea adquirido por varios Usuarios al mismo tiempo, y que al final del proceso de venta resulte que el Producto ya no se encuentre disponible debido al agotamiento de todas las unidades disponibles, aun cuando aparezca en la Marketplace que el Producto est\u00e1 disponible. En este caso se proceder\u00e1 a informar al Usuario la situaci\u00f3n acaecida y a efectuar el reembolso de la cantidad pagada por el Producto de ser el caso, o bien se le notificara la imposibilidad de procesar su orden de compra.<\/li><li>Los Vendedores no podr\u00e1n ser declarados responsables o que incumplen las presentes Condiciones de Uso por cualquier retraso o incumplimiento derivado de la entrega de los Productos, siempre que dicha eventualidad tenga como causa un evento de fuerza mayor o caso fortuito de conformidad con las Leyes colombianas.<\/li><li>Todas las comunicaciones realizadas en la Marketplace sobre los Productos all\u00ed ofertados, especialmente las relativas a la descripci\u00f3n de los Productos, sus especificaciones, caracter\u00edsticas, precio, condiciones de entrega, devoluciones y cambios son efectuadas directamente por los Vendedores, as\u00ed como aquellas comunicaciones relacionadas con ofertas, promociones, descuentos, liquidaciones, entre otras, de los productos, y las cuales son de su absoluta responsabilidad, manejo y control (&#8220;el Vendedor&#8221;).<\/li><li>Los Productos ofrecidos en la Marketplace son de absoluta responsabilidad de los Vendedores, as\u00ed como tambi\u00e9n el uso de las marcas que los identifican. De manera que los Vendedores ser\u00e1n los \u00fanicos responsables en el evento en que terceros consideren que sus derechos de propiedad intelectual han sido infringidos por la venta de los mismos y, por tanto, cualquier reclamaci\u00f3n por este concepto deber\u00e1 ser remitida directamente a los Vendedores, cuyos datos de contacto figuran en el respectivo apartado de &#8220;Informaci\u00f3n sobre el Vendedor&#8221;, accesible a trav\u00e9s de cualquiera de las ofertas. No obstante lo anterior, \u00c9xito podr\u00e1 eventualmente suprimir la informaci\u00f3n o Productos en cuesti\u00f3n de la Marketplace, sin que ello implique en ning\u00fan caso admisi\u00f3n alguna de responsabilidad y sin perjuicio de cualquier derecho, acci\u00f3n o defensa que pudiera asistirle a los Vendedores.<\/li><\/ul>\n\n\n\n<h5 class=\"wp-block-heading\"><strong>Reclamaciones y Garant\u00edas<\/strong><\/h5>\n\n\n\n<p>Comercios CDMX opera como un simple facilitador de la plataforma para la exhibici\u00f3n de los Productos por parte de los Vendedores y la compra de los mismos por parte de los Usuarios directamente con los Vendedores, y no como un revendedor de los Productos all\u00ed ofrecidos. Por tanto, cualquier reclamaci\u00f3n sobre la no conformidad o la calidad de los Productos deber\u00e1 ser realizada directamente por el Cliente a trav\u00e9s de la l\u00ednea de atenci\u00f3n por WhatsApp. 52 55 2112 8519.<\/p>\n\n\n\n<p>El Vendedor es el \u00fanico responsable de los Productos ofrecidos a trav\u00e9s de la Marketplace, Comercios CDMX sin embargo, se reserva el derecho de intervenir en los procesos de reclamaci\u00f3n y\/o garant\u00edas, si el Vendedor no proporciona ninguna respuesta a una solicitud del Usuario en relaci\u00f3n a dichos conceptos dentro de los 5 d\u00edas h\u00e1biles.<\/p>\n\n\n\n<p>Las garant\u00edas de los Productos vendidos por los Vendedores en la Marketplace se especifican en los comentarios de la oferta realizada por los Vendedores. Para preguntas acerca de las garant\u00edas correspondientes a los Productos ofrecidos a trav\u00e9s de la Marketplace el Usuario tiene la posibilidad &#8211; antes de ordenar &#8211; de hacer preguntas por medio del chat de contacto por WhatsApp del art\u00edculo en venta o los datos de contacto publicados por el Vendedor.<\/p>\n\n\n\n<p>Comercios CDMX no asume responsabilidad alguna y bajo ninguna circunstancia de las garant\u00edas otorgadas por los Vendedores de los Productos, por tanto el Usuario deber\u00e1 contactar directamente al Vendedor para hacer efectiva la garant\u00eda.<\/p>\n\n\n\n<h5 class=\"wp-block-heading\"><strong>Modificaci\u00f3n de las Condiciones de Uso<\/strong><\/h5>\n\n\n\n<p>Comercios CDMX se reserva el derecho de realizar modificaciones, adiciones o inserciones a las presentes Condiciones de Uso en cualquier momento. Por tanto, los Usuarios quedar\u00e1n sujetos a las condiciones vigentes a la fecha en que realice una orden de compra.<\/p>\n\n\n\n<h5 class=\"wp-block-heading\"><strong>Ley y jurisdicci\u00f3n aplicable.<\/strong><\/h5>\n\n\n\n<p>Los presentes T\u00e9rminos y Condiciones se rigen e interpretan de conformidad con las leyes de Los Estados Unidos Mexicanos. Cualquier controversia relativa a la misma estar\u00e1 sujeta a los tribunales de la Rep\u00fablica Mexicana.<\/p>\n\n\n\n<h5 class=\"wp-block-heading\"><strong>Invalidez<\/strong><\/h5>\n\n\n\n<p>En el evento en que cualquier disposici\u00f3n de los presentes T\u00e9rminos y Condiciones se considere nula, ineficaz, o inv\u00e1lida, en forma parcial o total por un tribunal o cualquier autoridad competente, dicha declaratoria no afectar\u00e1 la validez de las dem\u00e1s disposiciones, las cuales continuar\u00e1n vigentes.<\/p>\n","protected":false},"excerpt":{"rendered":"<p>Qui\u00e9nes somos La direcci\u00f3n de nuestra web es: https:\/\/deepcontents.online\/demos. Comentarios Cuando los visitantes dejan comentarios en la web, recopilamos los datos que se muestran en el formulario de comentarios, as\u00ed como la direcci\u00f3n IP del visitante y la cadena de agentes de usuario del navegador para ayudar a la detecci\u00f3n de spam. Una cadena an\u00f3nima&hellip;&nbsp;<a href=\"https:\/\/deepcontents.online\/demos\/politica-privacidad\/\" rel=\"bookmark\">Leer m\u00e1s &raquo;<span class=\"screen-reader-text\">Pol\u00edtica de privacidad<\/span><\/a><\/p>\n","protected":false},"author":1,"featured_media":0,"parent":0,"menu_order":0,"comment_status":"closed","ping_status":"open","template":"","meta":{"neve_meta_sidebar":"","neve_meta_container":"","neve_meta_enable_content_width":"","neve_meta_content_width":0,"neve_meta_title_alignment":"","neve_meta_author_avatar":"","neve_post_elements_order":"","neve_meta_disable_header":"","neve_meta_disable_footer":"","neve_meta_disable_title":"","footnotes":""},"class_list":["post-3","page","type-page","status-publish","hentry"],"_links":{"self":[{"href":"https:\/\/deepcontents.online\/demos\/wp-json\/wp\/v2\/pages\/3","targetHints":{"allow":["GET"]}}],"collection":[{"href":"https:\/\/deepcontents.online\/demos\/wp-json\/wp\/v2\/pages"}],"about":[{"href":"https:\/\/deepcontents.online\/demos\/wp-json\/wp\/v2\/types\/page"}],"author":[{"embeddable":true,"href":"https:\/\/deepcontents.online\/demos\/wp-json\/wp\/v2\/users\/1"}],"replies":[{"embeddable":true,"href":"https:\/\/deepcontents.online\/demos\/wp-json\/wp\/v2\/comments?post=3"}],"version-history":[{"count":3,"href":"https:\/\/deepcontents.online\/demos\/wp-json\/wp\/v2\/pages\/3\/revisions"}],"predecessor-version":[{"id":951,"href":"https:\/\/deepcontents.online\/demos\/wp-json\/wp\/v2\/pages\/3\/revisions\/951"}],"wp:attachment":[{"href":"https:\/\/deepcontents.online\/demos\/wp-json\/wp\/v2\/media?parent=3"}],"curies":[{"name":"wp","href":"https:\/\/api.w.org\/{rel}","templated":true}]}}