{"id":320,"date":"2022-01-25T21:10:50","date_gmt":"2022-01-25T21:10:50","guid":{"rendered":"https:\/\/formasfinas.mx\/market\/?page_id=320"},"modified":"2022-03-29T19:38:15","modified_gmt":"2022-03-29T19:38:15","slug":"catalogo-trueva","status":"publish","type":"page","link":"https:\/\/deepcontents.online\/demos\/catalogo-trueva\/","title":{"rendered":"Cat\u00e1logo TRueva joyer\u00eda y bisuter\u00eda"},"content":{"rendered":"<p>[wpc_food_menu_list style =&#8217;style-3&#8242; wpc_menu_order=&#8217;DESC&#8217; no_of_product = 50 wpc_food_categories = 89 wpc_show_desc=&#8217;yes&#8217; wpc_desc_limit = 100 title_link_show=&#8217;yes&#8217; title_link_show=&#8217;yes&#8217; product_thumbnail=&#8217;yes&#8217; wpc_cart_button=&#8217;no&#8217; wpc_price_show=&#8217;yes&#8217;]<\/p>\n\n\n<p>[wpc_food_menu_list style =&#8217;style-2&#8242; wpc_menu_order=&#8217;DESC&#8217; no_of_product = 50 wpc_food_categories = 89 wpc_show_desc=&#8217;yes&#8217; wpc_desc_limit = 300 title_link_show=&#8217;yes&#8217; title_link_show=&#8217;yes&#8217; product_thumbnail=&#8217;yes&#8217; wpc_cart_button=&#8217;no&#8217; wpc_price_show=&#8217;yes&#8217;]<\/p>\n\n\n<p>[wpc_food_menu_list style =&#8217;style-1&#8242; wpc_menu_order=&#8217;DESC&#8217; no_of_product = 50 wpc_food_categories = 89 wpc_show_desc=&#8217;yes&#8217; wpc_desc_limit = 100 title_link_show=&#8217;yes&#8217; title_link_show=&#8217;yes&#8217; product_thumbnail=&#8217;yes&#8217; wpc_cart_button=&#8217;no&#8217; wpc_price_show=&#8217;yes&#8217;]<\/p>\n\n\n<p>[wpc_food_menu_tab style =&#8217;style-1&#8242; wpc_menu_order=&#8217;DESC&#8217; no_of_product = 50 wpc_food_categories = 89 wpc_show_desc=&#8217;yes&#8217; wpc_desc_limit = 100 title_link_show=&#8217;yes&#8217; title_link_show=&#8217;yes&#8217; product_thumbnail=&#8217;yes&#8217; wpc_cart_button=&#8217;no&#8217; wpc_price_show=&#8217;yes&#8217;]<\/p>\n","protected":false},"excerpt":{"rendered":"","protected":false},"author":1,"featured_media":0,"parent":0,"menu_order":0,"comment_status":"closed","ping_status":"closed","template":"","meta":{"neve_meta_sidebar":"","neve_meta_container":"","neve_meta_enable_content_width":"","neve_meta_content_width":0,"neve_meta_title_alignment":"","neve_meta_author_avatar":"","neve_post_elements_order":"","neve_meta_disable_header":"","neve_meta_disable_footer":"","neve_meta_disable_title":"","footnotes":""},"class_list":["post-320","page","type-page","status-publish","hentry"],"_links":{"self":[{"href":"https:\/\/deepcontents.online\/demos\/wp-json\/wp\/v2\/pages\/320","targetHints":{"allow":["GET"]}}],"collection":[{"href":"https:\/\/deepcontents.online\/demos\/wp-json\/wp\/v2\/pages"}],"about":[{"href":"https:\/\/deepcontents.online\/demos\/wp-json\/wp\/v2\/types\/page"}],"author":[{"embeddable":true,"href":"https:\/\/deepcontents.online\/demos\/wp-json\/wp\/v2\/users\/1"}],"replies":[{"embeddable":true,"href":"https:\/\/deepcontents.online\/demos\/wp-json\/wp\/v2\/comments?post=320"}],"version-history":[{"count":9,"href":"https:\/\/deepcontents.online\/demos\/wp-json\/wp\/v2\/pages\/320\/revisions"}],"predecessor-version":[{"id":811,"href":"https:\/\/deepcontents.online\/demos\/wp-json\/wp\/v2\/pages\/320\/revisions\/811"}],"wp:attachment":[{"href":"https:\/\/deepcontents.online\/demos\/wp-json\/wp\/v2\/media?parent=320"}],"curies":[{"name":"wp","href":"https:\/\/api.w.org\/{rel}","templated":true}]}}